{"id":4336,"date":"2020-01-15T08:46:50","date_gmt":"2020-01-15T08:46:50","guid":{"rendered":"https:\/\/ubena-spices.com\/?post_type=product&#038;p=4336"},"modified":"2020-01-15T08:46:50","modified_gmt":"2020-01-15T08:46:50","slug":"kakukkfu-orolt","status":"publish","type":"product","link":"https:\/\/ubena-spices.com\/hu\/product\/kakukkfu-orolt\/","title":{"rendered":"Kakukkf\u0171 \u0151r\u00f6lt"},"content":{"rendered":"","protected":false},"featured_media":0,"template":"","product_categories":[415],"packaging":[412],"yst_prominent_words":[],"_links":{"self":[{"href":"https:\/\/ubena-spices.com\/hu\/wp-json\/wp\/v2\/product\/4336"}],"collection":[{"href":"https:\/\/ubena-spices.com\/hu\/wp-json\/wp\/v2\/product"}],"about":[{"href":"https:\/\/ubena-spices.com\/hu\/wp-json\/wp\/v2\/types\/product"}],"wp:attachment":[{"href":"https:\/\/ubena-spices.com\/hu\/wp-json\/wp\/v2\/media?parent=4336"}],"wp:term":[{"taxonomy":"product_categories","embeddable":true,"href":"https:\/\/ubena-spices.com\/hu\/wp-json\/wp\/v2\/product_categories?post=4336"},{"taxonomy":"packaging","embeddable":true,"href":"https:\/\/ubena-spices.com\/hu\/wp-json\/wp\/v2\/packaging?post=4336"},{"taxonomy":"yst_prominent_words","embeddable":true,"href":"https:\/\/ubena-spices.com\/hu\/wp-json\/wp\/v2\/yst_prominent_words?post=4336"}],"curies":[{"name":"wp","href":"https:\/\/api.w.org\/{rel}","templated":true}]}}