{"id":4317,"date":"2020-01-15T09:21:26","date_gmt":"2020-01-15T09:21:26","guid":{"rendered":"https:\/\/ubena-spices.com\/?post_type=product&#038;p=4317"},"modified":"2020-01-15T09:21:26","modified_gmt":"2020-01-15T09:21:26","slug":"edeskomeny-orolt","status":"publish","type":"product","link":"https:\/\/ubena-spices.com\/hu\/product\/edeskomeny-orolt\/","title":{"rendered":"\u00c9desk\u00f6m\u00e9ny \u0151r\u00f6lt"},"content":{"rendered":"","protected":false},"featured_media":0,"template":"","product_categories":[420],"packaging":[412],"yst_prominent_words":[],"_links":{"self":[{"href":"https:\/\/ubena-spices.com\/hu\/wp-json\/wp\/v2\/product\/4317"}],"collection":[{"href":"https:\/\/ubena-spices.com\/hu\/wp-json\/wp\/v2\/product"}],"about":[{"href":"https:\/\/ubena-spices.com\/hu\/wp-json\/wp\/v2\/types\/product"}],"wp:attachment":[{"href":"https:\/\/ubena-spices.com\/hu\/wp-json\/wp\/v2\/media?parent=4317"}],"wp:term":[{"taxonomy":"product_categories","embeddable":true,"href":"https:\/\/ubena-spices.com\/hu\/wp-json\/wp\/v2\/product_categories?post=4317"},{"taxonomy":"packaging","embeddable":true,"href":"https:\/\/ubena-spices.com\/hu\/wp-json\/wp\/v2\/packaging?post=4317"},{"taxonomy":"yst_prominent_words","embeddable":true,"href":"https:\/\/ubena-spices.com\/hu\/wp-json\/wp\/v2\/yst_prominent_words?post=4317"}],"curies":[{"name":"wp","href":"https:\/\/api.w.org\/{rel}","templated":true}]}}