{"id":4230,"date":"2020-01-17T08:06:50","date_gmt":"2020-01-17T08:06:50","guid":{"rendered":"https:\/\/ubena-spices.com\/?post_type=product&#038;p=4230"},"modified":"2020-01-17T08:06:50","modified_gmt":"2020-01-17T08:06:50","slug":"szegfubors-orolt","status":"publish","type":"product","link":"https:\/\/ubena-spices.com\/hu\/product\/szegfubors-orolt\/","title":{"rendered":"Szegf\u0171bors \u0151r\u00f6lt"},"content":{"rendered":"","protected":false},"featured_media":0,"template":"","product_categories":[420],"packaging":[412],"yst_prominent_words":[],"_links":{"self":[{"href":"https:\/\/ubena-spices.com\/hu\/wp-json\/wp\/v2\/product\/4230"}],"collection":[{"href":"https:\/\/ubena-spices.com\/hu\/wp-json\/wp\/v2\/product"}],"about":[{"href":"https:\/\/ubena-spices.com\/hu\/wp-json\/wp\/v2\/types\/product"}],"wp:attachment":[{"href":"https:\/\/ubena-spices.com\/hu\/wp-json\/wp\/v2\/media?parent=4230"}],"wp:term":[{"taxonomy":"product_categories","embeddable":true,"href":"https:\/\/ubena-spices.com\/hu\/wp-json\/wp\/v2\/product_categories?post=4230"},{"taxonomy":"packaging","embeddable":true,"href":"https:\/\/ubena-spices.com\/hu\/wp-json\/wp\/v2\/packaging?post=4230"},{"taxonomy":"yst_prominent_words","embeddable":true,"href":"https:\/\/ubena-spices.com\/hu\/wp-json\/wp\/v2\/yst_prominent_words?post=4230"}],"curies":[{"name":"wp","href":"https:\/\/api.w.org\/{rel}","templated":true}]}}