{"id":4224,"date":"2020-01-17T07:40:07","date_gmt":"2020-01-17T07:40:07","guid":{"rendered":"https:\/\/ubena-spices.com\/?post_type=product&#038;p=4224"},"modified":"2020-01-17T07:40:07","modified_gmt":"2020-01-17T07:40:07","slug":"borokabogyo-egesz","status":"publish","type":"product","link":"https:\/\/ubena-spices.com\/hu\/product\/borokabogyo-egesz\/","title":{"rendered":"Bor\u00f3kabogy\u00f3 eg\u00e9sz"},"content":{"rendered":"","protected":false},"featured_media":0,"template":"","product_categories":[420],"packaging":[412],"yst_prominent_words":[],"_links":{"self":[{"href":"https:\/\/ubena-spices.com\/hu\/wp-json\/wp\/v2\/product\/4224"}],"collection":[{"href":"https:\/\/ubena-spices.com\/hu\/wp-json\/wp\/v2\/product"}],"about":[{"href":"https:\/\/ubena-spices.com\/hu\/wp-json\/wp\/v2\/types\/product"}],"wp:attachment":[{"href":"https:\/\/ubena-spices.com\/hu\/wp-json\/wp\/v2\/media?parent=4224"}],"wp:term":[{"taxonomy":"product_categories","embeddable":true,"href":"https:\/\/ubena-spices.com\/hu\/wp-json\/wp\/v2\/product_categories?post=4224"},{"taxonomy":"packaging","embeddable":true,"href":"https:\/\/ubena-spices.com\/hu\/wp-json\/wp\/v2\/packaging?post=4224"},{"taxonomy":"yst_prominent_words","embeddable":true,"href":"https:\/\/ubena-spices.com\/hu\/wp-json\/wp\/v2\/yst_prominent_words?post=4224"}],"curies":[{"name":"wp","href":"https:\/\/api.w.org\/{rel}","templated":true}]}}