{"id":4188,"date":"2020-01-17T07:59:56","date_gmt":"2020-01-17T07:59:56","guid":{"rendered":"https:\/\/ubena-spices.com\/?post_type=product&#038;p=4188"},"modified":"2020-01-17T07:59:56","modified_gmt":"2020-01-17T07:59:56","slug":"fahej-orolt","status":"publish","type":"product","link":"https:\/\/ubena-spices.com\/hu\/product\/fahej-orolt\/","title":{"rendered":"Fah\u00e9j \u0151r\u00f6lt"},"content":{"rendered":"","protected":false},"featured_media":0,"template":"","product_categories":[420],"packaging":[412],"yst_prominent_words":[],"_links":{"self":[{"href":"https:\/\/ubena-spices.com\/hu\/wp-json\/wp\/v2\/product\/4188"}],"collection":[{"href":"https:\/\/ubena-spices.com\/hu\/wp-json\/wp\/v2\/product"}],"about":[{"href":"https:\/\/ubena-spices.com\/hu\/wp-json\/wp\/v2\/types\/product"}],"wp:attachment":[{"href":"https:\/\/ubena-spices.com\/hu\/wp-json\/wp\/v2\/media?parent=4188"}],"wp:term":[{"taxonomy":"product_categories","embeddable":true,"href":"https:\/\/ubena-spices.com\/hu\/wp-json\/wp\/v2\/product_categories?post=4188"},{"taxonomy":"packaging","embeddable":true,"href":"https:\/\/ubena-spices.com\/hu\/wp-json\/wp\/v2\/packaging?post=4188"},{"taxonomy":"yst_prominent_words","embeddable":true,"href":"https:\/\/ubena-spices.com\/hu\/wp-json\/wp\/v2\/yst_prominent_words?post=4188"}],"curies":[{"name":"wp","href":"https:\/\/api.w.org\/{rel}","templated":true}]}}