{"id":2612,"date":"2019-05-20T16:46:01","date_gmt":"2019-05-20T16:46:01","guid":{"rendered":"http:\/\/ubena-spices.com\/?page_id=2612"},"modified":"2020-01-20T13:17:54","modified_gmt":"2020-01-20T13:17:54","slug":"allasajanlatok","status":"publish","type":"page","link":"https:\/\/ubena-spices.com\/hu\/allasajanlatok\/","title":{"rendered":"\u00c1ll\u00e1saj\u00e1nlatok"},"content":{"rendered":"","protected":false},"excerpt":{"rendered":"","protected":false},"author":1,"featured_media":0,"parent":0,"menu_order":0,"comment_status":"closed","ping_status":"closed","template":"","meta":{"footnotes":""},"yst_prominent_words":[],"_links":{"self":[{"href":"https:\/\/ubena-spices.com\/hu\/wp-json\/wp\/v2\/pages\/2612"}],"collection":[{"href":"https:\/\/ubena-spices.com\/hu\/wp-json\/wp\/v2\/pages"}],"about":[{"href":"https:\/\/ubena-spices.com\/hu\/wp-json\/wp\/v2\/types\/page"}],"author":[{"embeddable":true,"href":"https:\/\/ubena-spices.com\/hu\/wp-json\/wp\/v2\/users\/1"}],"replies":[{"embeddable":true,"href":"https:\/\/ubena-spices.com\/hu\/wp-json\/wp\/v2\/comments?post=2612"}],"version-history":[{"count":2,"href":"https:\/\/ubena-spices.com\/hu\/wp-json\/wp\/v2\/pages\/2612\/revisions"}],"predecessor-version":[{"id":4597,"href":"https:\/\/ubena-spices.com\/hu\/wp-json\/wp\/v2\/pages\/2612\/revisions\/4597"}],"wp:attachment":[{"href":"https:\/\/ubena-spices.com\/hu\/wp-json\/wp\/v2\/media?parent=2612"}],"wp:term":[{"taxonomy":"yst_prominent_words","embeddable":true,"href":"https:\/\/ubena-spices.com\/hu\/wp-json\/wp\/v2\/yst_prominent_words?post=2612"}],"curies":[{"name":"wp","href":"https:\/\/api.w.org\/{rel}","templated":true}]}}