{"id":2598,"date":"2019-05-20T16:42:29","date_gmt":"2019-05-20T16:42:29","guid":{"rendered":"http:\/\/ubena-spices.com\/?page_id=2598"},"modified":"2020-02-17T13:01:04","modified_gmt":"2020-02-17T13:01:04","slug":"termekeink","status":"publish","type":"page","link":"https:\/\/ubena-spices.com\/hu\/termekeink\/","title":{"rendered":"Term\u00e9keink"},"content":{"rendered":"<p>A gondosan v\u00e1logatott \u00f6sszetev\u0151ket intelligens csomagol\u00e1sban t\u00e1roljuk, \u00edgy a term\u00e9k friss marad \u00e9s hossz\u00fa ideig eltarthat\u00f3, a f\u0171szerek meg\u0151rzik arom\u00e1jukat \u00e9s jellegzetes tulajdons\u00e1gaikat.<\/p>\n","protected":false},"excerpt":{"rendered":"<p>A gondosan v\u00e1logatott \u00f6sszetev\u0151ket intelligens csomagol\u00e1sban t\u00e1roljuk, \u00edgy a term\u00e9k friss marad \u00e9s hossz\u00fa ideig eltarthat\u00f3, a f\u0171szerek meg\u0151rzik arom\u00e1jukat \u00e9s jellegzetes tulajdons\u00e1gaikat.<\/p>\n","protected":false},"author":1,"featured_media":0,"parent":0,"menu_order":0,"comment_status":"closed","ping_status":"closed","template":"templates\/products.php","meta":{"footnotes":""},"yst_prominent_words":[457],"_links":{"self":[{"href":"https:\/\/ubena-spices.com\/hu\/wp-json\/wp\/v2\/pages\/2598"}],"collection":[{"href":"https:\/\/ubena-spices.com\/hu\/wp-json\/wp\/v2\/pages"}],"about":[{"href":"https:\/\/ubena-spices.com\/hu\/wp-json\/wp\/v2\/types\/page"}],"author":[{"embeddable":true,"href":"https:\/\/ubena-spices.com\/hu\/wp-json\/wp\/v2\/users\/1"}],"replies":[{"embeddable":true,"href":"https:\/\/ubena-spices.com\/hu\/wp-json\/wp\/v2\/comments?post=2598"}],"version-history":[{"count":4,"href":"https:\/\/ubena-spices.com\/hu\/wp-json\/wp\/v2\/pages\/2598\/revisions"}],"predecessor-version":[{"id":4878,"href":"https:\/\/ubena-spices.com\/hu\/wp-json\/wp\/v2\/pages\/2598\/revisions\/4878"}],"wp:attachment":[{"href":"https:\/\/ubena-spices.com\/hu\/wp-json\/wp\/v2\/media?parent=2598"}],"wp:term":[{"taxonomy":"yst_prominent_words","embeddable":true,"href":"https:\/\/ubena-spices.com\/hu\/wp-json\/wp\/v2\/yst_prominent_words?post=2598"}],"curies":[{"name":"wp","href":"https:\/\/api.w.org\/{rel}","templated":true}]}}