{"id":2584,"date":"2019-05-20T16:38:54","date_gmt":"2019-05-20T16:38:54","guid":{"rendered":"http:\/\/ubena-spices.com\/?page_id=2584"},"modified":"2020-01-20T12:22:26","modified_gmt":"2020-01-20T12:22:26","slug":"az-en-szakacskonyvem","status":"publish","type":"page","link":"https:\/\/ubena-spices.com\/hu\/az-en-szakacskonyvem\/","title":{"rendered":"Az \u00e9n szak\u00e1csk\u00f6nyvem"},"content":{"rendered":"","protected":false},"excerpt":{"rendered":"","protected":false},"author":1,"featured_media":0,"parent":0,"menu_order":0,"comment_status":"closed","ping_status":"closed","template":"templates\/favorits.php","meta":{"footnotes":""},"yst_prominent_words":[],"_links":{"self":[{"href":"https:\/\/ubena-spices.com\/hu\/wp-json\/wp\/v2\/pages\/2584"}],"collection":[{"href":"https:\/\/ubena-spices.com\/hu\/wp-json\/wp\/v2\/pages"}],"about":[{"href":"https:\/\/ubena-spices.com\/hu\/wp-json\/wp\/v2\/types\/page"}],"author":[{"embeddable":true,"href":"https:\/\/ubena-spices.com\/hu\/wp-json\/wp\/v2\/users\/1"}],"replies":[{"embeddable":true,"href":"https:\/\/ubena-spices.com\/hu\/wp-json\/wp\/v2\/comments?post=2584"}],"version-history":[{"count":2,"href":"https:\/\/ubena-spices.com\/hu\/wp-json\/wp\/v2\/pages\/2584\/revisions"}],"predecessor-version":[{"id":4585,"href":"https:\/\/ubena-spices.com\/hu\/wp-json\/wp\/v2\/pages\/2584\/revisions\/4585"}],"wp:attachment":[{"href":"https:\/\/ubena-spices.com\/hu\/wp-json\/wp\/v2\/media?parent=2584"}],"wp:term":[{"taxonomy":"yst_prominent_words","embeddable":true,"href":"https:\/\/ubena-spices.com\/hu\/wp-json\/wp\/v2\/yst_prominent_words?post=2584"}],"curies":[{"name":"wp","href":"https:\/\/api.w.org\/{rel}","templated":true}]}}