{"id":2572,"date":"2019-05-20T16:35:42","date_gmt":"2019-05-20T16:35:42","guid":{"rendered":"http:\/\/ubena-spices.com\/?page_id=2572"},"modified":"2020-01-17T12:13:26","modified_gmt":"2020-01-17T12:13:26","slug":"adatvedelmi-szabalyzat","status":"publish","type":"page","link":"https:\/\/ubena-spices.com\/hu\/adatvedelmi-szabalyzat\/","title":{"rendered":"Adatv\u00e9delmi szab\u00e1lyzat"},"content":{"rendered":"<p>&nbsp;<\/p>\n<h4> A <a href=\"http:\/\/www.ubena-spices.com\/\">www.ubena-spices.com<\/a> SZEM\u00c9LYES ADATOK KEZEL\u00c9S\u00c9RE VONATKOZ\u00d3 SZAB\u00c1LYZATA<\/h4>\n<p>A jelen dokumentum (Adatv\u00e9delmi szab\u00e1lyzat) a felhaszn\u00e1l\u00f3 (a tov\u00e1bbiakban: Felhaszn\u00e1l\u00f3 \u00e9s\/vagy Felhaszn\u00e1l\u00f3k) adatainak a <a href=\"http:\/\/www.ubena-spices.com\/\">www.ubena-spices.com<\/a> weboldalon (a tov\u00e1bbiakban: Weboldal) t\u00f6rt\u00e9n\u0151 gy\u0171jt\u00e9s\u00e9nek m\u00f3djait ismerteti.<\/p>\n<h2>1. <strong>ADATKEZEL\u0150<\/strong><\/h2>\n<p>Az Eur\u00f3pai Parlament \u00e9s a Tan\u00e1cs (EU) 2016\/679 rendelet\u00e9nek (GDPR) 24. cikke szerinti adatkezel\u0151 \u2013 akire a jelent Adatv\u00e9delmi szab\u00e1lyzat vonatkozik \u2013 az S.C. Fuchs Condimente RO S.R.L. (sz\u00e9khelye: Rom\u00e1nia, 115300 Curtea de Arge\u0219, str. Nordului, no. 41-43), amelyet a DF World of Spices GMBH t\u00e1rsas\u00e1g vezet \u00e9s ir\u00e1ny\u00edt, \u00e9s k\u00e9pviselet\u00e9t jelenlegi jogi k\u00e9pvisel\u0151je l\u00e1tja el (a tov\u00e1bbiakban: <strong>Fuchs Condimente RO<\/strong> vagy <strong>Adatkezel\u0151<\/strong>).<\/p>\n<p>Az Adatkezel\u0151 szervezeti fel\u00e9p\u00edt\u00e9s\u00e9vel \u00f6sszhangban kijelenti, hogy kinevezte az adatfeldolgoz\u00f3t \u00e9s a szem\u00e9lyes adatok feldolgoz\u00e1s\u00e1\u00e9rt felel\u0151s szem\u00e9lyeket a k\u00fcl\u00f6nf\u00e9le igazgat\u00f3tan\u00e1csokban, v\u00e1llalati r\u00e9szlegekben \u00e9s oszt\u00e1lyokon, valamint, hogy a Csoport t\u00f6bbi tagj\u00e1t k\u00e9pez\u0151 t\u00e1rsas\u00e1gok szint\u00e9n teljes\u00edtett\u00e9k ezen jogi k\u00f6telezetts\u00e9geiket a saj\u00e1t szervezeti fel\u00e9p\u00edt\u00e9s\u00fckkel \u00f6sszhangban.<\/p>\n<p>A fentiekre val\u00f3 tekintettel az Adatkezel\u0151 t\u00e1j\u00e9koztatja \u00d6nt, hogy az \u00c1ltal\u00e1nos Adatv\u00e9delmi Rendelet (GDPR) \u00e9s a szem\u00e9lyes adatok v\u00e9delm\u00e9t szab\u00e1lyoz\u00f3, alkalmazand\u00f3 nemzeti jogszab\u00e1lyok alapj\u00e1n, szem\u00e9lyes adatainak kezel\u00e9se az al\u00e1bbi m\u00f3don \u00e9s c\u00e9lokb\u00f3l t\u00f6rt\u00e9nik.<\/p>\n<h2>2. <strong>AZ ADATKEZEL\u00c9S T\u00c1RGYA<\/strong><\/h2>\n<p>A Fuchs Condimente RO olyan szem\u00e9lyes adatokat kezel, amelyeket \u00d6n adott meg az Adatkezel\u0151 <a href=\"http:\/\/www.ubena-spices.com\/\">www.ubena-spices.com<\/a> weboldal\u00e1nak (a tov\u00e1bbiakban: <strong>Weboldal<\/strong>) b\u00f6ng\u00e9sz\u00e9se sor\u00e1n \u00e9s\/vagy az Adatkezel\u0151 r\u00e9sz\u00e9re k\u00fcld\u00f6tt kapcsolatfelv\u00e9teli k\u00e9relem eset\u00e9n; ezek kifejezetten a k\u00f6vetkez\u0151k:<\/p>\n<ul>\n<li>keresztn\u00e9v, vezet\u00e9kn\u00e9v, e-mail c\u00edm, telefonsz\u00e1m<\/li>\n<li>a k\u00e9r\u00e9st ind\u00edt\u00f3 sz\u00e1m\u00edt\u00f3g\u00e9p IP-c\u00edme<\/li>\n<li>a k\u00e9r\u00e9s d\u00e1tuma \u00e9s id\u0151pontja<\/li>\n<li>a megtekintett oldal, a let\u00f6lt\u00f6tt f\u00e1jl neve<\/li>\n<li>a let\u00f6lt\u00f6tt adatok mennyis\u00e9ge<\/li>\n<li>a folyamat eredm\u00e9ny\u00e9re vonatkoz\u00f3 inform\u00e1ci\u00f3 (pozit\u00edv vagy negat\u00edv)<\/li>\n<li>a weboldal el\u00e9r\u00e9s\u00e9hez vagy egy funkci\u00f3 aktiv\u00e1l\u00e1s\u00e1hoz haszn\u00e1lt URL<\/li>\n<li>a haszn\u00e1lt b\u00f6ng\u00e9sz\u0151.<\/li>\n<\/ul>\n<p>A fent felsorolt inform\u00e1ci\u00f3kat \u2013 bele\u00e9rtve az IP-c\u00edmet is \u2013 t\u00e1roljuk a folyamat sor\u00e1n annak \u00e9rdek\u00e9ben, hogy \u00d6n haszn\u00e1lni tudja a Weboldalunkat. Az IP-c\u00edmet r\u00f6vid ideig t\u00e1roljuk annak \u00e9rdek\u00e9ben, hogy meggy\u0151z\u0151dhess\u00fcnk az informatikai k\u00f6rnyezet biztons\u00e1goss\u00e1g\u00e1r\u00f3l, \u00e9s k\u00fcl\u00f6n\u00f6sen a sz\u00e1m\u00edt\u00f3g\u00e9pes rendszerek vissza\u00e9l\u00e9sekt\u0151l val\u00f3 meg\u00f3v\u00e1sa \u00e9s a t\u00e1mad\u00e1sok visszaver\u00e9se \u00e9rdek\u00e9ben.<\/p>\n<p>Mindenesetre mag\u00e1t\u00f3l \u00e9rtet\u0151dik, hogy az adatkezel\u00e9s nem foglalja mag\u00e1ban az \u201e\u00e9rz\u00e9kenynek\u201d tekinthet\u0151 Szem\u00e9lyes Adatokat, teh\u00e1t azokat az Adatokat, amelyek felhaszn\u00e1lhat\u00f3k egy szem\u00e9ly faji vagy etnikai hovatartoz\u00e1s\u00e1nak, vall\u00e1si, filoz\u00f3fiai vagy egy\u00e9b meggy\u0151z\u0151d\u00e9s\u00e9nek, politikai p\u00e1rtokban, szakszervezetekben, egyes\u00fcletekben vagy vall\u00e1si, filoz\u00f3fiai, politikai vagy szakszervezeti jelleg\u0171 szervezetekben bet\u00f6lt\u00f6tt tags\u00e1g\u00e1nak felfed\u00e9s\u00e9re, valamint olyan Szem\u00e9lyes Adatok, amelyek seg\u00edts\u00e9g\u00e9vel felfedhet\u0151 egy szem\u00e9ly eg\u00e9szs\u00e9ge vagy a szexu\u00e1lis \u00e9lete.<\/p>\n<h2>3. <strong>AZ ADATKEZEL\u00c9S C\u00c9LJA<\/strong><\/h2>\n<p>A Felhaszn\u00e1l\u00f3 \u00e1ltal rendelkez\u00e9sre bocs\u00e1tott Adatok felhaszn\u00e1l\u00e1sa a k\u00f6vetkez\u0151 c\u00e9lokra t\u00f6rt\u00e9nik:<\/p>\n<p><strong>A. Az \u00e9rintett el\u0151zetes hozz\u00e1j\u00e1rul\u00e1sa n\u00e9lk\u00fcl, szerz\u0151d\u00e9ses c\u00e9lokra: <\/strong><\/p>\n<ol>\n<li type=\"a\">v\u00e1s\u00e1rl\u00e1sok kezel\u00e9se \u00e9s forgalmaz\u00e1s;<\/li>\n<li type=\"a\">a T\u00e1rsas\u00e1g \u00e1ltal haszn\u00e1lt sz\u00e1m\u00edt\u00f3g\u00e9pes rendszerek kezel\u00e9se, azaz kiz\u00e1r\u00f3lag a Weboldal haszn\u00e1lat\u00e1val kapcsolatos n\u00e9vtelen inform\u00e1ci\u00f3k gy\u0171jt\u00e9se \u00e9s annak ellen\u0151rz\u00e9se, hogy a Weboldal megfelel\u0151en m\u0171k\u00f6dik-e, amikor a Felhaszn\u00e1l\u00f3 haszn\u00e1lja;<\/li>\n<li type=\"a\">karbantart\u00e1s elv\u00e9gz\u00e9se \u00e9s m\u0171szaki t\u00e1mogat\u00e1s ny\u00fajt\u00e1sa a Weboldal \u00e9s a kapcsol\u00f3d\u00f3 szolg\u00e1ltat\u00e1sok megfelel\u0151 m\u0171k\u00f6d\u00e9s\u00e9nek biztos\u00edt\u00e1sa \u00e9rdek\u00e9ben (k\u00fcl\u00f6n\u00f6sen az el\u0151z\u0151 bekezd\u00e9sekben eml\u00edtett szolg\u00e1ltat\u00e1sok \u00e9s k\u00fcl\u00f6nleges jellemz\u0151k);<\/li>\n<li type=\"a\">a Weboldal min\u0151s\u00e9g\u00e9nek \u00e9s fel\u00e9p\u00edt\u00e9s\u00e9nek jav\u00edt\u00e1sa, valamint \u00faj szolg\u00e1ltat\u00e1sok, funkci\u00f3k \u00e9s\/vagy jellemz\u0151k l\u00e9trehoz\u00e1sa;<\/li>\n<li type=\"a\">csal\u00e1rd tev\u00e9kenys\u00e9gek \u00e9s a Weboldallal kapcsolatos k\u00e1rt okoz\u00f3 vissza\u00e9l\u00e9sek megel\u0151z\u00e9se \u00e9s azonos\u00edt\u00e1sa;<\/li>\n<li type=\"a\">kapcsolattart\u00e1s a Felhaszn\u00e1l\u00f3val postai \u00faton vagy e-mailen kereszt\u00fcl, kiz\u00e1r\u00f3lag a T\u00e1rsas\u00e1g birtok\u00e1ban l\u00e9v\u0151 inform\u00e1ci\u00f3k meger\u0151s\u00edt\u00e9se \u00e9s\/vagy m\u00f3dos\u00edt\u00e1sa c\u00e9lj\u00e1b\u00f3l.<\/li>\n<\/ol>\n<p>T\u00e1j\u00e9koztatjuk tov\u00e1bb\u00e1, hogy ha m\u00e1r megl\u00e9v\u0151 \u00fcgyfel\u00fcnk, el\u0151fordulhat, az \u00d6n el\u0151zetes beleegyez\u00e9se n\u00e9lk\u00fcl is kereskedelmi tartalmakat k\u00fcld\u00fcnk az \u00d6n \u00e1ltal megadott e-mail c\u00edmre az Adatkezel\u0151 olyan szolg\u00e1ltat\u00e1saival \u00e9s term\u00e9keivel kapcsolatban, amilyenekhez hasonl\u00f3t kor\u00e1bban m\u00e1r haszn\u00e1lt (\u00fan. \u201esoft spam\u201d).<\/p>\n<p><strong>B. Csak az \u00e9rintett el\u0151zetes hozz\u00e1j\u00e1rul\u00e1s\u00e1val, nem szerz\u0151d\u00e9ses c\u00e9lokra:<br \/>\n<\/strong><\/p>\n<ol type=\"a\">\n<li>a T\u00e1rsas\u00e1g \u00e1ltal k\u00edn\u00e1lt vagy v\u00e1llalt term\u00e9kekkel, kezdem\u00e9nyez\u00e9sekkel \u00e9s\/vagy szolg\u00e1ltat\u00e1sokkal kapcsolatos kereskedelmi vagy prom\u00f3ci\u00f3s tartalmak postai, telefonos, e-mail, SMS, MMS, \u00e9rtes\u00edt\u00e9s vagy h\u00edrlev\u00e9l form\u00e1j\u00e1ban t\u00f6rt\u00e9n\u0151 elk\u00fcld\u00e9se.<\/li>\n<\/ol>\n<p>&nbsp;<\/p>\n<h2>4. <strong>AZ ADATKEZEL\u00c9S M\u00d3DJA, BIZTONS\u00c1GI INT\u00c9ZKED\u00c9SEK \u00c9S ADATV\u00c9DELEM<\/strong><\/h2>\n<p>Az al\u00e1bbi elj\u00e1r\u00e1sokat haszn\u00e1ljuk az Adatok elektronikus kezel\u00e9s\u00e9re: gy\u0171jt\u00e9s, regisztr\u00e1ci\u00f3, friss\u00edt\u00e9s, rendez\u00e9s, t\u00e1rol\u00e1s, betekint\u00e9s, feldolgoz\u00e1s, m\u00f3dos\u00edt\u00e1s, kiv\u00e1laszt\u00e1s, elhelyez\u00e9s, harmoniz\u00e1ci\u00f3, haszn\u00e1lat, egyes\u00edt\u00e9s, blokkol\u00e1s, t\u00f6rl\u00e9s \u00e9s megsemmis\u00edt\u00e9s.<\/p>\n<p>Az alkalmazand\u00f3 jogszab\u00e1lyoknak \u00e9s az ilyen Adatok v\u00e9delm\u00e9re vonatkoz\u00f3 j\u00f3v\u00e1hagyott szabv\u00e1nyoknak megfelel\u0151en a T\u00e1rsas\u00e1g k\u00fcl\u00f6nleges biztons\u00e1gi int\u00e9zked\u00e9seket fogadott el az adatveszt\u00e9s, jogellenes vagy helytelen haszn\u00e1lat, valamint a jogosulatlan hozz\u00e1f\u00e9r\u00e9s megakad\u00e1lyoz\u00e1sa \u00e9rdek\u00e9ben.<\/p>\n<p>Pontosabban, az \u00d6n adatainak biztons\u00e1ga \u00e9s v\u00e9delme \u00e9rdek\u00e9ben az Adatkezel\u0151 egyebek mellett szabv\u00e1nyos t\u0171zfalakkal, jelsz\u00f3v\u00e9delemmel \u00e9s minden, a szem\u00e9lyes adatok v\u00e9delm\u00e9re ir\u00e1nyul\u00f3 biztons\u00e1gi int\u00e9zked\u00e9ssel biztos\u00edtott adath\u00e1l\u00f3zatot hozott l\u00e9tre \u00e9s haszn\u00e1l az \u00c1ltal\u00e1nos Adatv\u00e9delmi Rendelet (GDPR) 32. cikke \u00e9s az alkalmazand\u00f3 rom\u00e1n jogszab\u00e1lyok szerint.<\/p>\n<h2>5. <strong>ADATT\u00c1ROL\u00c1S<\/strong><\/h2>\n<p>Az Adatkezel\u0151 az adatokat a fenti c\u00e9lok teljes\u00edt\u00e9s\u00e9hez sz\u00fcks\u00e9ges ideig, de legfeljebb az adatgy\u0171jt\u00e9st\u0151l sz\u00e1m\u00edtott k\u00e9t \u00e9vig kezeli.<\/p>\n<h2>6. <strong>AZ ADATSZOLG\u00c1LTAT\u00c1S JELLEGE<\/strong><\/h2>\n<p>Adatait szerz\u0151d\u00e9ses c\u00e9lokra kell megadnia. Erre az Adatkezel\u0151 szolg\u00e1ltat\u00e1sainak ig\u00e9nybev\u00e9tel\u00e9hez van sz\u00fcks\u00e9g; az adatszolg\u00e1ltat\u00e1s megtagad\u00e1sa azt jelenti, hogy nem fogja tudni haszn\u00e1lni az eml\u00edtett szolg\u00e1ltat\u00e1sokat.<\/p>\n<p>Az adatok szolg\u00e1ltat\u00e1sa egy\u00e9b, nem szerz\u0151d\u00e9ses c\u00e9lokra nem k\u00f6telez\u0151, \u00e9s az adatszolg\u00e1ltat\u00e1s megtagad\u00e1sa nem akad\u00e1lyozza \u00d6nt az Adatkezel\u0151 szolg\u00e1ltat\u00e1sainak haszn\u00e1lat\u00e1ban. Ha azonban \u00fagy d\u00f6nt, hogy visszatartja Adatait, nem fog tudni hozz\u00e1f\u00e9rni a korl\u00e1tozott el\u00e9r\u00e9s\u0171 ter\u00fcletekhez \u00e9s bizonyos szolg\u00e1ltat\u00e1sokhoz (ilyen p\u00e9ld\u00e1ul a h\u00edrlev\u00e9l).<\/p>\n<h2>7. <strong>ADATOKHOZ VAL\u00d3 HOZZ\u00c1F\u00c9R\u00c9S<\/strong><\/h2>\n<p>Adataihoz a k\u00f6vetkez\u0151 szem\u00e9lyek az al\u00e1bbi c\u00e9lokkal f\u00e9rhetnek hozz\u00e1:<\/p>\n<ul>\n<li>az Adatkezel\u0151 \u00e9s\/vagy a Csoporthoz tartoz\u00f3 t\u00e1rsas\u00e1gok alkalmazottai \u00e9s\/vagy munkat\u00e1rsai, mint feldolgoz\u00e1s\u00e9rt felel\u0151s szem\u00e9lyek \u00e9s\/vagy bels\u0151 adatfeldolgoz\u00f3k \u00e9s\/vagy rendszergazd\u00e1k<\/li>\n<li>harmadik f\u00e9l t\u00e1rsas\u00e1gok vagy egy\u00e9b szem\u00e9lyek (p\u00e9ld\u00e1ul a Fuchs Csoporthoz tartoz\u00f3 t\u00e1rsas\u00e1gok, \u00fcgyf\u00e9lszolg\u00e1lati munkat\u00e1rsak, IT szolg\u00e1ltat\u00f3k, a Fuchs Condimente RO \u00e1ltal haszn\u00e1lt informatikai rendszert kezel\u0151 szem\u00e9lyek, telekommunik\u00e1ci\u00f3s h\u00e1l\u00f3zatok, besz\u00e1ll\u00edt\u00f3k, hitelint\u00e9zetek, szakmai t\u00e1rsas\u00e1gok stb.), amelyek \u00e9s akik k\u00fcls\u0151 adatfeldolgoz\u00f3kk\u00e9nt k\u00fcls\u0151 tev\u00e9kenys\u00e9geket v\u00e9geznek az Adatkezel\u0151 nev\u00e9ben.<\/li>\n<\/ul>\n<h2>8. <strong>ADATOK K\u00d6ZL\u00c9SE \u00c9S TERJESZT\u00c9SE<\/strong><\/h2>\n<p>A fenti c\u00e9lok el\u00e9r\u00e9se, valamint a Weboldal \u00e9s az ahhoz kapcsol\u00f3d\u00f3 szolg\u00e1ltat\u00e1sok megfelel\u0151 biztos\u00edt\u00e1sa \u00e9rdek\u00e9ben az \u00d6n Adatai \u2013 az \u00d6n el\u0151zetes hozz\u00e1j\u00e1rul\u00e1sa n\u00e9lk\u00fcl \u2013 a T\u00e1rsas\u00e1ggal kapcsolatban f\u00fcggetlen adatkezel\u0151kk\u00e9nt elj\u00e1r\u00f3 harmadik felek r\u00e9sz\u00e9re is \u00e1tadhat\u00f3k. Ilyenek p\u00e9ld\u00e1ul:<\/p>\n<ul>\n<li>a rend\u0151rs\u00e9g vagy igazs\u00e1g\u00fcgyi hat\u00f3s\u00e1gok, amelyek az adatok kezel\u00e9s\u00e9t kifejezett k\u00e9r\u00e9s\u00fckre, int\u00e9zm\u00e9nyi c\u00e9lokb\u00f3l \u00e9s\/vagy egy t\u00f6rv\u00e9ny rendelkez\u00e9sei alapj\u00e1n v\u00e9gzik nyomoz\u00e1s \u00e9s ellen\u0151rz\u00e9s sor\u00e1n<\/li>\n<li>az \u00e1llami hat\u00f3s\u00e1gok \u00e9s\/vagy k\u00f6zigazgat\u00e1s, ad\u00f3- \u00e9s polg\u00e1ri k\u00f6telezetts\u00e9gek ellen\u0151rz\u00e9se \u00e9s vizsg\u00e1lata c\u00e9lj\u00e1b\u00f3l<\/li>\n<li>hat\u00f3s\u00e1gok, amelyek az \u00e9rintettek k\u00e9relm\u00e9re fel\u00fcgyelik a jogi k\u00f6telezetts\u00e9gek teljes\u00edt\u00e9s\u00e9t \u00e9s\/vagy betartatj\u00e1k az \u00e1llami hat\u00f3s\u00e1gok \u00e1ltal bevezetett rendeleteket.<\/li>\n<\/ul>\n<p>Az \u00d6n adatai a fenti c\u00e9lok teljes\u00edt\u00e9s\u00e9hez sz\u00fcks\u00e9ges tev\u00e9kenys\u00e9geket v\u00e9gz\u0151 f\u00fcggetlen adatkezel\u0151kk\u00e9nt elj\u00e1r\u00f3 harmadik felek r\u00e9sz\u00e9re (p\u00e9ld\u00e1ul partnereknek, szabadfoglalkoz\u00e1s\u00fa szem\u00e9lyeknek, megb\u00edzottak stb.) is \u00e1tadhat\u00f3k.<\/p>\n<p>Az \u00d6n adatai nem terjesztj\u00fck vagy tov\u00e1bb\u00edtjuk EU-n k\u00edv\u00fcli orsz\u00e1gokba.<\/p>\n<h2>9. <strong>AZ \u00c9RTINTETTEK JOGAI<\/strong><\/h2>\n<p>T\u00e1j\u00e9koztatjuk, hogy az adatkezel\u00e9ssel \u00e9rintett szem\u00e9lyk\u00e9nt jog\u00e1ban \u00e1ll:<\/p>\n<ul>\n<li>igazol\u00e1st kapni, amely meger\u0151s\u00edti az Adatai megl\u00e9t\u00e9t vagy hi\u00e1ny\u00e1t, akkor is, ha m\u00e9g nem regisztr\u00e1lt\u00e1k, illetve, hogy az adatokat \u00e9rthet\u0151 form\u00e1ban hozz\u00e1f\u00e9rhet\u0151v\u00e9 tegy\u00e9k az \u00d6n sz\u00e1m\u00e1ra;<\/li>\n<\/ul>\n<ul>\n<li>igazol\u00e1st, \u00e9s sz\u00fcks\u00e9g eset\u00e9n m\u00e1solatot kapni, amely: (a) meger\u0151s\u00edti a Szem\u00e9lyes Adatok eredet\u00e9t, \u00e9s megadja a kateg\u00f3ri\u00e1jukat; (b) meghat\u00e1rozza az alkalmazott m\u00f3dszert, ha az adatkezel\u00e9s elektronikus eszk\u00f6z\u00f6kkel t\u00f6rt\u00e9nik; (c) meghat\u00e1rozza az adatkezel\u00e9s c\u00e9lj\u00e1t \u00e9s m\u00f3dj\u00e1t; (d) azonos\u00edtja az adatkezel\u0151t \u00e9s az adatfeldolgoz\u00f3t; (e) azonos\u00edtja az \u00e9rintettet vagy az \u00e9rintettek kateg\u00f3ri\u00e1it, akik r\u00e9sz\u00e9re a Szem\u00e9lyes Adatok kiadhat\u00f3k, vagy akik haszn\u00e1lhatj\u00e1k azokat tov\u00e1bbi inform\u00e1ci\u00f3 megszerz\u00e9se c\u00e9lj\u00e1b\u00f3l, k\u00fcl\u00f6n\u00f6sen, ha a fogad\u00f3 felek harmadik orsz\u00e1gokb\u00f3l sz\u00e1rmaznak vagy nemzetk\u00f6zi szervezetek; (f) amennyiben lehets\u00e9ges, meghat\u00e1rozza az adatok meg\u0151rz\u00e9s\u00e9nek id\u0151tartam\u00e1t \u00e9s az ezen id\u0151tartam meghat\u00e1roz\u00e1s\u00e1nak szempontjait; (g) meger\u0151s\u00edti egy automatiz\u00e1lt d\u00f6nt\u00e9shozatali rendszer megl\u00e9t\u00e9t \u2013 a profil l\u00e9trehoz\u00e1s\u00e1t is bele\u00e9rtve \u2013, \u00e9s ebben az esetben a m\u00f6g\u00f6tte rejl\u0151 m\u00f3dszert, annak fontoss\u00e1g\u00e1t \u00e9s az \u00e9rintett sz\u00e1m\u00e1ra v\u00e1rhat\u00f3 eredm\u00e9nyeket; (h) meger\u0151s\u00edti a megfelel\u0151 garanci\u00e1k megl\u00e9t\u00e9t EU-n k\u00edv\u00fcli orsz\u00e1gok vagy nemzetk\u00f6zi szervezetek r\u00e9sz\u00e9re t\u00f6rt\u00e9n\u0151 tov\u00e1bb\u00edt\u00e1s eset\u00e9n;<\/li>\n<\/ul>\n<ul>\n<li>indokolatlan k\u00e9sedelem n\u00e9lk\u00fcl gondoskodni arr\u00f3l, hogy friss\u00edts\u00e9k vagy jav\u00edts\u00e1k a helytelen adatokat, vagy az \u00e9rintett k\u00e9r\u00e9s\u00e9re m\u00f3dos\u00edts\u00e1k a hi\u00e1nyos adatokat;<\/li>\n<li>int\u00e9zkedni az olyan Adatok t\u00f6rl\u00e9s\u00e9r\u0151l, anonimiz\u00e1l\u00e1s\u00e1r\u00f3l vagy visszatart\u00e1s\u00e1r\u00f3l: a) amelyeket jogellenesen kezeltek; b) amelyek az adatgy\u0171jt\u00e9s vagy k\u00e9s\u0151bbi adatkezel\u00e9s c\u00e9lj\u00e1val kapcsolatban m\u00e1r nem sz\u00fcks\u00e9ges adatok; c) ha az adatkezel\u00e9s alapj\u00e1ul szolg\u00e1l\u00f3 hozz\u00e1j\u00e1rul\u00e1st visszavont\u00e1k, \u00e9s ha az adatkezel\u00e9sre nincs m\u00e1s jogalap; d) ha \u00d6n tiltakozik az adatkezel\u00e9s ellen, \u00e9s nincs jogos indok a folytat\u00e1sra; e) ha a jogi k\u00f6telezetts\u00e9get teljes\u00edtett\u00e9k; f) ha az Adatok kiskor\u00faakra vonatkoznak. Az Adatkezel\u0151 csak a k\u00f6vetkez\u0151 okokb\u00f3l tagadhatja meg az Adatok t\u00f6rl\u00e9s\u00e9t: (a) ha a v\u00e9lem\u00e9nynyilv\u00e1n\u00edt\u00e1s \u00e9s t\u00e1j\u00e9koz\u00f3d\u00e1s szabads\u00e1g\u00e1hoz val\u00f3 jogra vonatkozik; (b) ha jogi k\u00f6telezetts\u00e9g teljes\u00edt\u00e9se, k\u00f6z\u00e9rdek\u0171 feladat elv\u00e9gz\u00e9se vagy k\u00f6zhatalom gyakorl\u00e1sa c\u00e9lj\u00e1b\u00f3l sz\u00fcks\u00e9ges; (c) k\u00f6zeg\u00e9szs\u00e9g\u00fcgyi okokb\u00f3l; (d) ha k\u00f6z\u00e9rdekb\u0151l, tudom\u00e1nyos vagy t\u00f6rt\u00e9nelmi kutat\u00e1si, illetve statisztikai c\u00e9lb\u00f3l archiv\u00e1lj\u00e1k; (e) ha azt valamely jog b\u00edr\u00f3s\u00e1gon t\u00f6rt\u00e9n\u0151 \u00e9rv\u00e9nyes\u00edt\u00e9s\u00e9re haszn\u00e1lj\u00e1k;<\/li>\n<li>elint\u00e9zni, hogy az adatkezel\u00e9s korl\u00e1tozott legyen: (a) ha a Szem\u00e9lyes Adatok pontoss\u00e1ga vitathat\u00f3; b) ha az Adatokat az Adatkezel\u0151 jogellenesen kezeli a t\u00f6rl\u00e9s megakad\u00e1lyoz\u00e1sa \u00e9rdek\u00e9ben; c) ha az Adatokat valamely jog b\u00edr\u00f3s\u00e1gon t\u00f6rt\u00e9n\u0151 \u00e9rv\u00e9nyes\u00edt\u00e9s\u00e9re haszn\u00e1lj\u00e1k; d) ha folyamatban van annak meg\u00e1llap\u00edt\u00e1sa, hogy az Adatkezel\u0151 jogos indokai els\u0151bbs\u00e9get \u00e9lveznek-e az \u00e9rintett indokaival szemben;<\/li>\n<li>ha az adatkezel\u00e9st automatikusan v\u00e9gzik, az \u00d6nre vonatkoz\u00f3 Adatokat akad\u00e1lyok n\u00e9lk\u00fcl \u00e9s struktur\u00e1lt, \u00e1ltal\u00e1nosan haszn\u00e1lt, g\u00e9ppel olvashat\u00f3 \u00e9s interoper\u00e1bilis form\u00e1tumban megkapni, azok m\u00e1sik adatkezel\u0151h\u00f6z t\u00f6rt\u00e9n\u0151 tov\u00e1bb\u00edt\u00e1sa vagy egyik kezel\u0151t\u0151l a m\u00e1sikhoz t\u00f6rt\u00e9n\u0151 k\u00f6zvetlen \u00e1tvitele c\u00e9lj\u00e1b\u00f3l, ha ez technikailag lehets\u00e9ges;<\/li>\n<li>r\u00e9szben vagy teljes m\u00e9rt\u00e9kben ellenezni: (a) az \u00d6nre vonatkoz\u00f3 Szem\u00e9lyes Adatok kezel\u00e9s\u00e9t jogos indokok alapj\u00e1n, m\u00e9g akkor is, ha ezek az Adatok az adatkezel\u00e9s szempontj\u00e1b\u00f3l alapvet\u0151 fontoss\u00e1g\u00faak; (b) az \u00d6nre vonatkoz\u00f3 szem\u00e9lyes adatok kezel\u00e9s\u00e9t prom\u00f3ci\u00f3s tartalom terjeszt\u00e9se, k\u00f6zvetlen \u00e9rt\u00e9kes\u00edt\u00e9s folytat\u00e1sa, piackutat\u00e1s vagy kereskedelmi kommunik\u00e1ci\u00f3 c\u00e9lj\u00e1b\u00f3l, oper\u00e1tor beavatkoz\u00e1sa n\u00e9lk\u00fcli, automatikus h\u00edv\u00f3rendszeren, e-mailen \u00e9s\/vagy hagyom\u00e1nyos marketinges m\u00f3dszereken \u00e9s\/vagy postai \u00faton kereszt\u00fcl;<\/li>\n<li>adatv\u00e9delmi panaszt beny\u00fajtani az illet\u00e9kes fel\u00fcgyeleti szervnek.<\/li>\n<\/ul>\n<p>Ha sz\u00fcks\u00e9ges, a fenti esetekben az Adatkezel\u0151 k\u00f6teles jelezni az \u00d6n esetleges joggyakorl\u00e1s\u00e1t minden harmadik f\u00e9l fel\u00e9, akiknek a Szem\u00e9lyes Adatokat tov\u00e1bb\u00edtotta, kiv\u00e9ve egyes k\u00fcl\u00f6nleges esetekben (pl. ha ez lehetetlennek bizonyul vagy ar\u00e1nytalan er\u0151fesz\u00edt\u00e9ssel j\u00e1rna).<\/p>\n<h2>10. <strong>A JOGOK GYAKORL\u00c1S\u00c1NAK M\u00d3DJA<\/strong><\/h2>\n<p>A fent eml\u00edtett jogokat b\u00e1rmikor gyakorolhatja:<\/p>\n<ul>\n<li>az Adatkezel\u0151 r\u00e9sz\u00e9re, az al\u00e1bbi c\u00edmre k\u00fcld\u00f6tt t\u00e9rtivev\u00e9nyes aj\u00e1nlott lev\u00e9l \u00fatj\u00e1n: S.C. Fuchs Condimente RO S.R.L., 115300 Curtea de Arge\u0219, Str. Nordului 41-43, Rom\u00e1nia<\/li>\n<li>a dpo@fuchs-condimente.ro c\u00edmre k\u00fcld\u00f6tt e-mail \u00fatj\u00e1n.<\/li>\n<\/ul>\n<h2>11. <strong>ADATKEZEL\u0150 \u00c9S ADATFELDOLGOZ\u00d3<\/strong><\/h2>\n<p>Adatkezel\u0151:<\/p>\n<ul>\n<li>S.C. Fuchs Condimente RO S.R.L<\/li>\n<\/ul>\n<p>Az adatfeldolgoz\u00f3 \u00e9s az adatfeldolgoz\u00e1s\u00e9rt felel\u0151s szem\u00e9lyek nev\u00e9t k\u00fcl\u00f6n k\u00e9r\u00e9s eset\u00e9n adjuk ki. A nevek kiad\u00e1sa az al\u00e1bbi c\u00edmre k\u00fcld\u00f6tt e-mailben k\u00e9rhet\u0151: dpo@fuchs-condimente.ro.<\/p>\n<p>Az adatfeldolgoz\u00f3k naprak\u00e9sz list\u00e1ja az Adatkezel\u0151 sz\u00e9khely\u00e9n, az S.C. Fuchs Condimente RO S.R.L., 115300 Curtea de Arge\u0219, Str. Nordului 41-43, Rom\u00e1nia c\u00edmen tal\u00e1lhat\u00f3.<\/p>\n<h2>12. <strong>AZ ADATV\u00c9DELMI SZAB\u00c1LYZAT FRISS\u00cdT\u00c9SEI<\/strong><\/h2>\n<p>Ez\u00faton t\u00e1j\u00e9koztatjuk, hogy az \u00e1ltal\u00e1nos adatv\u00e9delmi rendelet 13. cikk\u00e9vel \u00f6sszhangban kidolgozott Adatv\u00e9delmi szab\u00e1lyzatot folyamatosan friss\u00edtj\u00fck, amelyr\u0151l a weboldalunkon \u00e9rtes\u00edtj\u00fck.<\/p>\n<p>&nbsp;<\/p>\n<p><strong>Utols\u00f3 friss\u00edt\u00e9s: <\/strong><strong>\u00a0<\/strong>[2019. <strong>j\u00fanius<\/strong>]<\/p>\n","protected":false},"excerpt":{"rendered":"<p>&nbsp; A www.ubena-spices.com SZEM\u00c9LYES ADATOK KEZEL\u00c9S\u00c9RE VONATKOZ\u00d3 SZAB\u00c1LYZATA A jelen dokumentum (Adatv\u00e9delmi szab\u00e1lyzat) a felhaszn\u00e1l\u00f3 (a tov\u00e1bbiakban: Felhaszn\u00e1l\u00f3 \u00e9s\/vagy Felhaszn\u00e1l\u00f3k) adatainak a www.ubena-spices.com weboldalon (a tov\u00e1bbiakban: Weboldal) t\u00f6rt\u00e9n\u0151 gy\u0171jt\u00e9s\u00e9nek m\u00f3djait ismerteti. 1. ADATKEZEL\u0150 Az Eur\u00f3pai Parlament \u00e9s a Tan\u00e1cs (EU) 2016\/679 rendelet\u00e9nek (GDPR) 24. cikke szerinti adatkezel\u0151 \u2013 akire a jelent Adatv\u00e9delmi szab\u00e1lyzat vonatkozik \u2013 [&hellip;]<\/p>\n","protected":false},"author":1,"featured_media":0,"parent":0,"menu_order":0,"comment_status":"closed","ping_status":"open","template":"","meta":{"footnotes":""},"yst_prominent_words":[517,515,475,470,471,469,423,478,513,510,518,474,514,516,509,480,511,512,473,476],"_links":{"self":[{"href":"https:\/\/ubena-spices.com\/hu\/wp-json\/wp\/v2\/pages\/2572"}],"collection":[{"href":"https:\/\/ubena-spices.com\/hu\/wp-json\/wp\/v2\/pages"}],"about":[{"href":"https:\/\/ubena-spices.com\/hu\/wp-json\/wp\/v2\/types\/page"}],"author":[{"embeddable":true,"href":"https:\/\/ubena-spices.com\/hu\/wp-json\/wp\/v2\/users\/1"}],"replies":[{"embeddable":true,"href":"https:\/\/ubena-spices.com\/hu\/wp-json\/wp\/v2\/comments?post=2572"}],"version-history":[{"count":10,"href":"https:\/\/ubena-spices.com\/hu\/wp-json\/wp\/v2\/pages\/2572\/revisions"}],"predecessor-version":[{"id":4578,"href":"https:\/\/ubena-spices.com\/hu\/wp-json\/wp\/v2\/pages\/2572\/revisions\/4578"}],"wp:attachment":[{"href":"https:\/\/ubena-spices.com\/hu\/wp-json\/wp\/v2\/media?parent=2572"}],"wp:term":[{"taxonomy":"yst_prominent_words","embeddable":true,"href":"https:\/\/ubena-spices.com\/hu\/wp-json\/wp\/v2\/yst_prominent_words?post=2572"}],"curies":[{"name":"wp","href":"https:\/\/api.w.org\/{rel}","templated":true}]}}