{"id":2097,"date":"2019-05-15T13:30:42","date_gmt":"2019-05-15T13:30:42","guid":{"rendered":"http:\/\/ubena-spices.com\/?post_type=product&#038;p=2097"},"modified":"2019-05-27T12:49:55","modified_gmt":"2019-05-27T12:49:55","slug":"muskatni-orascic-u-komadicima","status":"publish","type":"product","link":"https:\/\/ubena-spices.com\/hr\/product\/muskatni-orascic-u-komadicima\/","title":{"rendered":"Mu\u0161katni ora\u0161\u010di\u0107 u komadi\u0107ima"},"content":{"rendered":"","protected":false},"featured_media":0,"template":"","product_categories":[80],"packaging":[141],"yst_prominent_words":[],"_links":{"self":[{"href":"https:\/\/ubena-spices.com\/hr\/wp-json\/wp\/v2\/product\/2097"}],"collection":[{"href":"https:\/\/ubena-spices.com\/hr\/wp-json\/wp\/v2\/product"}],"about":[{"href":"https:\/\/ubena-spices.com\/hr\/wp-json\/wp\/v2\/types\/product"}],"wp:attachment":[{"href":"https:\/\/ubena-spices.com\/hr\/wp-json\/wp\/v2\/media?parent=2097"}],"wp:term":[{"taxonomy":"product_categories","embeddable":true,"href":"https:\/\/ubena-spices.com\/hr\/wp-json\/wp\/v2\/product_categories?post=2097"},{"taxonomy":"packaging","embeddable":true,"href":"https:\/\/ubena-spices.com\/hr\/wp-json\/wp\/v2\/packaging?post=2097"},{"taxonomy":"yst_prominent_words","embeddable":true,"href":"https:\/\/ubena-spices.com\/hr\/wp-json\/wp\/v2\/yst_prominent_words?post=2097"}],"curies":[{"name":"wp","href":"https:\/\/api.w.org\/{rel}","templated":true}]}}