{"id":1705,"date":"2019-05-14T13:42:41","date_gmt":"2019-05-14T13:42:41","guid":{"rendered":"http:\/\/ubena-spices.com\/?page_id=1705"},"modified":"2020-01-17T11:14:28","modified_gmt":"2020-01-17T11:14:28","slug":"politika-kolacica","status":"publish","type":"page","link":"https:\/\/ubena-spices.com\/hr\/politika-kolacica\/","title":{"rendered":"Politika kola\u010di\u0107a"},"content":{"rendered":"<p>Ova Stranica koristi kola\u010di\u0107e. U nastavku \u0107ete prona\u0107i vi\u0161e informacija o kola\u010di\u0107ima, na\u010dinu na koji se koriste na Stranici, kao i o kontrolnim postupcima koje primjenjujemo na same kola\u010di\u0107e. Nastavljaju\u0107i s pregledavanjem Stranice, nakon \u010ditanja na\u0161eg bannera, pristajete na kori\u0161tenje tehni\u010dkih i analiti\u010dkih kola\u010di\u0107a u skladu s ovom politikom. Na na\u0161em banneru za kola\u010di\u0107e mo\u017eete izraziti svoj Pristanak za pohranu kola\u010di\u0107a tre\u0107ih strana za profiliranje. Ako se ne sla\u017eete s kori\u0161tenjem kola\u010di\u0107a, pozivamo Vas da ih onemogu\u0107ite slijede\u0107i upute u nastavku ove politike.<\/p>\n<p>&nbsp;<\/p>\n<h2>1. \u0160TO SU KOLA\u010cI\u0106I?<\/h2>\n<p>Kola\u010di\u0107i su male tekstualne datoteke koje se \u0161alju na Va\u0161 elektroni\u010dki ure\u0111aj (ra\u010dunalo, tablet itd.) tijekom pregledavanja internetske stranice. Kola\u010di\u0107i se zatim \u0161alju natrag na izvornu internetsku stranicu tijekom svakog sljede\u0107eg pregledavanja ili se \u0161alju na drugu internetsku stranicu koja mo\u017ee prepoznati taj odre\u0111eni kola\u010di\u0107. Kola\u010di\u0107i djeluju kao svojevrsna memorija internetske stranice, \u0161to internetskoj stranici omogu\u0107uje prepoznavanje Va\u0161eg ure\u0111aja prilikom svakog sljede\u0107eg posjeta toj internetskoj stranici. Kola\u010di\u0107i tako\u0111er omogu\u0107uju pohranjivanje Va\u0161ih odabranih postavki pregleda da bi Vam pru\u017eili bolje korisni\u010dko iskustvo, a sadr\u017eaj intraneta \u0161to vi\u0161e personalizirali. Vi\u0161e informacija o kola\u010di\u0107ima, o tome \u0161to su kola\u010di\u0107i pohranili na Va\u0161 ure\u0111aj, kako upravljati njima i kako ih brisati mo\u017eete prona\u0107i na sljede\u0107oj poveznici: <a href=\"http:\/\/www.aboutcookies.org\" target=\"_blank\" rel=\"noopener noreferrer\">www.aboutcookies.org<\/a><\/p>\n<p>&nbsp;<\/p>\n<h2>2. UVJETI KORI\u0160TENJA INTERNETSKE STRANICE<\/h2>\n<p>Kola\u010di\u0107 je tekstualna datoteka koju web-lokacija \u0161alje va\u0161em pregledniku kako bi je pohranila na ure\u0111aj za informacije o vama: informacije za prijavu, jezi\u010dne postavke itd. Ove kola\u010di\u0107e postavljamo mi i zovemo ih kola\u010di\u0107i prve strane. UBENA tako\u0111er koristi kola\u010di\u0107e tre\u0107ih strana za marketin\u0161ke napore.<br \/>\nKonkretno, koristimo kola\u010di\u0107e i druge tehnologije pra\u0107enja za sljede\u0107e svrhe:<\/p>\n<ul>\n<li>Pomo\u0107i u kretanju internetom;<\/li>\n<li>Pomo\u0107i u slu\u010daju potrebe za internetskom podr\u0161kom;<\/li>\n<li>Analizu kako istra\u017eujete na\u0161e proizvode i usluge;<\/li>\n<li>Za pomo\u0107 u na\u0161im marketin\u0161kim naporima, uklju\u010duju\u0107i bihevioralni marketing\/ogla\u0161avanje<\/li>\n<\/ul>\n<p>Ti kola\u010di\u0107i poma\u017eu vam stvoriti web-lokaciju koja je jednostavna za kori\u0161tenje, dopu\u0161taju\u0107i osnovne zna\u010dajke kao \u0161to su pregledavanje stranica i pristup za\u0161ti\u0107enim podru\u010djima web-lokacije. Web-lokacija ne mo\u017ee ispravno funkcionirati bez tih kola\u010di\u0107a.<\/p>\n<p>&nbsp;<\/p>\n<table width=\"100%\">\n<tbody>\n<tr>\n<td width=\"25%\"><strong>Naziv kola\u010di\u0107a<\/strong><\/td>\n<td width=\"25%\">Opis<\/td>\n<td width=\"25%\">\u00a0 \u00a0 \u00a0 \u00a0 Vrsta<\/td>\n<td width=\"25%\">Isti\u010de nakon<\/td>\n<\/tr>\n<tr>\n<td width=\"25%\"><strong>_gid<\/strong><\/td>\n<td width=\"25%\">Ovaj kola\u010di\u0107 povezan je s uslugom Google Universal Analytics &#8211; zna\u010dajno a\u017euriranje Googleove naj\u010de\u0161\u0107e kori\u0161tene usluge analize. Ovaj kola\u010di\u0107 se koristi za razlikovanje korisnika.<\/td>\n<td width=\"25%\">\u00a0 \u00a0 \u00a0 \u00a0 Kola\u010di\u0107i za performanse<\/td>\n<td width=\"25%\">24 sata<\/td>\n<\/tr>\n<tr>\n<td width=\"25%\"><strong>OptanonAlertBoxClosed<\/strong><\/td>\n<td width=\"25%\">Ovaj kola\u010di\u0107 postavljaju web-lokacije koje koriste odre\u0111ene verzije OneTrustove uskla\u0111enosti s kola\u010di\u0107ima. To se postavlja nakon \u0161to posjetitelji vide poruku s kola\u010di\u0107ima i, u nekim slu\u010dajevima, samo kada aktivno zatvaraju obavijest. Omogu\u0107uje web-lokaciji da prika\u017ee poruku korisniku samo jednom. Kola\u010di\u0107 ne sadr\u017ei osobne podatke.<\/td>\n<td width=\"25%\">\u00a0 \u00a0 \u00a0\u00a0 Neophodni kola\u010di\u0107i<\/td>\n<td width=\"25%\">1 godina<\/td>\n<\/tr>\n<tr>\n<td width=\"25%\"><strong>_gat<\/strong><\/td>\n<td width=\"25%\">Ovaj kola\u010di\u0107 povezan je s Google Universal Analytics, u skladu s dokumentacijom koja se koristi za smanjenje brzine zahtjeva &#8211; ograni\u010dava prikupljanje podataka na web-lokacijama\u00a0 s visokim prometom. Isti\u010de nakon 10 minuta.<\/td>\n<td width=\"25%\">\u00a0 \u00a0 \u00a0 \u00a0 Kola\u010di\u0107i za performanse<\/td>\n<td width=\"25%\">10 minuta<\/td>\n<\/tr>\n<tr>\n<td width=\"25%\"><strong>PHPSESSID<\/strong><\/td>\n<td width=\"25%\">Cookie koji generiraju PHP-bazirane aplikacije. Ovo je identifikator op\u0107e namjene koji se koristi za odr\u017eavanje varijabli sesije. Obi\u010dno je to slu\u010dajno generirani broj koristi se na na\u010din da bude specifi\u010dan za stranicu, ali dobar primjer je odr\u017eavanje stanja prijave za korisnika izme\u0111u stranica.<\/td>\n<td width=\"25%\">\u00a0 \u00a0 \u00a0 \u00a0 Neophodni kola\u010di\u0107i<\/td>\n<td width=\"25%\">2 godine<\/td>\n<\/tr>\n<tr>\n<td width=\"25%\"><strong>_ga<\/strong><\/td>\n<td width=\"25%\">Ovaj kola\u010di\u0107 povezan je s uslugom Google Universal Analytics &#8211; zna\u010dajno a\u017euriranje Googleove naj\u010de\u0161\u0107e kori\u0161tene usluge analize. Ovaj kola\u010di\u0107 se koristi za razlikovanje jedinstvenih korisnika dodjeljivanjem slu\u010dajno generiranog broja kao identifikatora korisnika. Uklju\u010den je u svaki zahtjev stranice na web-lokaciji i koristi se za izra\u010dunavanje podataka posjetitelja, sesija i kampanja za izvje\u0161\u0107a o analizi web-lokacije.<\/td>\n<td width=\"25%\">\u00a0 \u00a0 \u00a0 \u00a0 Kola\u010di\u0107i za performanse<\/td>\n<td width=\"25%\">2 godine<\/td>\n<\/tr>\n<\/tbody>\n<\/table>\n<p><b>Marketin\u0161ki kola\u010di\u0107i<\/b><br \/>\nMarketin\u0161ki kola\u010di\u0107i koriste se za pra\u0107enje posjetitelja web-lokacija. Cilj je prikazati relevantne i zanimljive oglase za pojedina\u010dne korisnike, a time i za izdava\u010de i ogla\u0161iva\u010de tre\u0107ih strana.<\/p>\n<p>&nbsp;<\/p>\n<table width=\"100%\">\n<tbody>\n<tr>\n<td width=\"25%\"><strong>Naziv kola\u010di\u0107a<\/strong><\/td>\n<td width=\"25%\">Opis<\/td>\n<td width=\"25%\">\u00a0 \u00a0 \u00a0\u00a0 Vrsta<\/td>\n<td width=\"25%\">Isti\u010de nakon<\/td>\n<\/tr>\n<tr>\n<td width=\"25%\"><strong>Bat.bing.com<\/strong><\/td>\n<td width=\"25%\">Ova je domena u vlasni\u0161tvu tvrtke Microsoft &#8211; web-lokacija za\u00a0 Bing tra\u017eilicu.<\/td>\n<td width=\"25%\">\u00a0 \u00a0 \u00a0\u00a0 Ogla\u0161avanje<\/td>\n<td width=\"25%\">1 godine<\/td>\n<\/tr>\n<tr>\n<td width=\"25%\"><strong>Bing.com<\/strong><\/td>\n<td width=\"25%\">Ova je domena u vlasni\u0161tvu tvrtke Microsoft &#8211; web-lokacija za\u00a0 Bing tra\u017eilicu.<\/td>\n<td width=\"25%\">\u00a0 \u00a0 \u00a0 \u00a0 Ogla\u0161avanje<\/td>\n<td width=\"25%\">1 godine<\/td>\n<\/tr>\n<tr>\n<td width=\"25%\"><strong>Youtube.com<\/strong><\/td>\n<td width=\"25%\">YouTube je platforma u vlasni\u0161tvu Google za hosting i distribuciju videozapisa. Usluga YouTube prikuplja podatke korisnika putem ugra\u0111enih videoisje\u010daka. Prikupljaju se\u00a0 s podacima profila iz drugih Google ovih usluga kako bi se ciljano ogla\u0161avanje posjetiteljima weba prikazalo iz \u0161irokog raspona web-lokacija i drugih web-lokacija.<\/td>\n<td width=\"25%\">\u00a0 \u00a0 \u00a0\u00a0 Ogla\u0161avanje<\/td>\n<td width=\"25%\">2 godine<\/td>\n<\/tr>\n<\/tbody>\n<\/table>\n<h2><\/h2>\n<h2>3. SVRHA KOLA\u010cI\u0106A<\/h2>\n<p>Tehni\u010dki kola\u010di\u0107i koje koristi Stranica slu\u017ee za njezinu izradu i olak\u0161avanje njezina pregledavanja i omogu\u0107avaju kori\u0161tenje njezinih usluga. Zahvaljuju\u0107i njima prilikom sljede\u0107eg pristupa ne\u0107ete morati ponovno unositi podatke poput korisni\u010dkog imena za prijavu. Analiti\u010dki kola\u010di\u0107i koriste se za analizu i pra\u0107enje na\u010dina na koji se Stranica koristi (npr. broj pristupa i pregleda odre\u0111enog sadr\u017eaja) u statisti\u010dke svrhe i u svrhu pobolj\u0161avanja koja se odnose na njezin rad i pregledavanje. Kola\u010di\u0107i za profiliranje osmi\u0161ljeni su za stvaranje korisni\u010dkih profila i koriste se za slanje reklamnih poruka u skladu s preferencijama koje je korisnik iskazao tijekom pregledavanja Stranice.<\/p>\n<p>&nbsp;<\/p>\n<h2>4. KAKO KONTROLIRATI I IZBRISATI KOLA\u010cI\u0106E<\/h2>\n<p>Upotrebu kola\u010di\u0107a mo\u017eete odobriti nastavkom pregledavanja sadr\u017eaja Stranice, nakon \u010ditanja sadr\u017eaja bannera, ili, u slu\u010daju kola\u010di\u0107a za profiliranje tre\u0107ih strana, nakon \u0161to ste dali pristanak. Mo\u017eete sprije\u010diti upotrebu kola\u010di\u0107a ili ih onemogu\u0107iti u bilo kojem trenutku ru\u010dnom izmjenom postavki svog preglednika i slijede\u0107i upute koje sadr\u017ee politike onih koji upravljaju kola\u010di\u0107ima.<br \/>\nIsto tako, upotrebu goreopisanih kola\u010di\u0107a koji se nalaze na Stranici mo\u017eete prilagoditi putem postavki preglednika, slijede\u0107i upute u nastavku. Isto tako, mo\u017ee postaviti anonimno pregledavanje, koje omogu\u0107uje surfanje internetom bez pohrane bilo kakvih informacija o stranicama koje ste posjetili, unesenim lozinkama i srodnim informacijama.<br \/>\n<b>Kako onemogu\u0107iti kola\u010di\u0107e<\/b><br \/>\nUpozorenje: davanje podataka nije obvezatno; me\u0111utim, imajte na umu da vas odbijanje\/onemogu\u0107avanje kola\u010di\u0107a mo\u017ee sprije\u010diti u upotrebi odre\u0111enih funkcionalnosti Stranice.<\/p>\n<ul>\n<li style=\"list-style-type: none;\">\n<ul>\n<li>Piwik (Matomo)<br \/>\nDa biste onemogu\u0107ili kori\u0161tenje kola\u010di\u0107a od strane Matoma, posjetite stranicu:<a href=\"https:\/\/matomo.org\/docs\/privacy\/\">https:\/\/matomo.org\/docs\/privacy\/<\/a><\/li>\n<li>Google<br \/>\nDa biste onemogu\u0107ili kori\u0161tenje analiti\u010dkih kola\u010di\u0107a i sprije\u010dili da Google Analytics prikuplja podatke o pregledavanju, preuzmite komponentu na sljede\u0107oj poveznici: <a href=\"https:\/\/tools.google.com\/dlpage\/gaoptout\">https:\/\/tools.google.com\/dlpage\/gaoptout<\/a><br \/>\nKako biste onemogu\u0107ili kori\u0161tenje analiti\u010dkih kola\u010di\u0107a od strane Google, posjetite stranicu: <a href=\"http:\/\/www.google.com\/settings\/ads\">http:\/\/www.google.com\/settings\/ads<\/a><\/li>\n<li>Da biste onemogu\u0107ili vrste kola\u010di\u0107a koje ova internetska stranica koristi izravno iz preglednika<br \/>\nChrome: <a href=\"https:\/\/support.google.com\/chrome\/answer\/95647?hl=hr\" target=\"_blank\" rel=\"noopener noreferrer\">https:\/\/support.google.com\/chrome\/answer\/95647?hl=hr<\/a><br \/>\nInternet Explorer: <a href=\"https:\/\/support.microsoft.com\/en-us\/search?query=cookies\" target=\"_blank\" rel=\"noopener noreferrer\">https:\/\/support.microsoft.com\/en-us\/search?query=cookies<\/a><br \/>\nOpera: <a href=\"https:\/\/help.opera.com\/en\/latest\/web-preferences\/#cookies\">https:\/\/help.opera.com\/en\/latest\/web-preferences\/#cookies<\/a><br \/>\nSafari:\u00a0 <a href=\"https:\/\/support.apple.com\/hr-hr\/HT201265\">https:\/\/support.apple.com\/hr-hr\/HT201265<\/a><br \/>\nFirefox: <a href=\"https:\/\/support.mozilla.org\/hr\/kb\/Uklju\u010divanje%20i%20isklju\u010divanje%20kola\u010di\u0107a\">https:\/\/support.mozilla.org\/hr\/kb\/Uklju\u010divanje%20i%20isklju\u010divanje%20kola\u010di\u0107a<\/a><\/li>\n<\/ul>\n<\/li>\n<\/ul>\n<p>Ako koristite internetski preglednik koji nije naveden na gornjem popisu, za dodatne informacije pogledajte <em>online<\/em> upute ili Pomo\u0107 (Help) na svom pregledniku. Obavje\u0161tavamo Vas da Voditelj obrade djeluje isklju\u010divo kao tehni\u010dki posrednik za poveznice prikazane u ovom dokumentu i ne mo\u017ee preuzeti nikakvu odgovornost u slu\u010daju bilo kakvih izmjena.<\/p>\n<p>Voditelj obrade ne prikuplja niti koristi podatke poput dobi, spola i interesa svojih posjetitelja, osim u statisti\u010dke i analiti\u010dke svrhe. Kori\u0161tenjem internetske stranice ili Platforme Voditelja obrade suglasni ste da se navedeni kola\u010di\u0107i pohrane na Va\u0161 ure\u0111aj.<\/p>\n<p>Mo\u017eete odbiti automatsku pohranu kola\u010di\u0107a na tvrdom disku aktiviranjem opt-in-sustava tako da promijenite postavke preglednika da bi on mogao prikazati sko\u010dnu poruku (\u201epop-up\u201d) na zaslonu ra\u010dunala koja Vas obavje\u0161tava da je Stranica primila kola\u010di\u0107, \u0161to Vam omogu\u0107uje da odlu\u010dite ho\u0107ete li prihvatiti ili odbiti pohranu na tvrdi disk.<\/p>\n<p>Obavje\u0161tavamo Vas da blokiranje kola\u010di\u0107a na na\u0161oj Stranici mo\u017ee ograni\u010diti odre\u0111ene funkcionalnosti Stranice ili, op\u0107enito, drugih operatora.<\/p>\n<p>Za vi\u0161e informacija o: na\u010dinima obrade, pristupu podacima, komunikaciji podataka, pravima zainteresirane strane (ispitanika), na\u010dinima ostvarivanja prava, voditelju obrade, odgovornim i ovla\u0161tenim osobama pro\u010ditajte Politiku privatnosti.<\/p>\n","protected":false},"excerpt":{"rendered":"<p>Ova Stranica koristi kola\u010di\u0107e. U nastavku \u0107ete prona\u0107i vi\u0161e informacija o kola\u010di\u0107ima, na\u010dinu na koji se koriste na Stranici, kao i o kontrolnim postupcima koje primjenjujemo na same kola\u010di\u0107e. Nastavljaju\u0107i s pregledavanjem Stranice, nakon \u010ditanja na\u0161eg bannera, pristajete na kori\u0161tenje tehni\u010dkih i analiti\u010dkih kola\u010di\u0107a u skladu s ovom politikom. Na na\u0161em banneru za kola\u010di\u0107e mo\u017eete [&hellip;]<\/p>\n","protected":false},"author":1,"featured_media":0,"parent":0,"menu_order":0,"comment_status":"closed","ping_status":"closed","template":"","meta":{"footnotes":""},"yst_prominent_words":[281,220,280,262,218,260,278,271,279,282,275,217,216,277,219,261,263,272,276,242],"_links":{"self":[{"href":"https:\/\/ubena-spices.com\/hr\/wp-json\/wp\/v2\/pages\/1705"}],"collection":[{"href":"https:\/\/ubena-spices.com\/hr\/wp-json\/wp\/v2\/pages"}],"about":[{"href":"https:\/\/ubena-spices.com\/hr\/wp-json\/wp\/v2\/types\/page"}],"author":[{"embeddable":true,"href":"https:\/\/ubena-spices.com\/hr\/wp-json\/wp\/v2\/users\/1"}],"replies":[{"embeddable":true,"href":"https:\/\/ubena-spices.com\/hr\/wp-json\/wp\/v2\/comments?post=1705"}],"version-history":[{"count":8,"href":"https:\/\/ubena-spices.com\/hr\/wp-json\/wp\/v2\/pages\/1705\/revisions"}],"predecessor-version":[{"id":4571,"href":"https:\/\/ubena-spices.com\/hr\/wp-json\/wp\/v2\/pages\/1705\/revisions\/4571"}],"wp:attachment":[{"href":"https:\/\/ubena-spices.com\/hr\/wp-json\/wp\/v2\/media?parent=1705"}],"wp:term":[{"taxonomy":"yst_prominent_words","embeddable":true,"href":"https:\/\/ubena-spices.com\/hr\/wp-json\/wp\/v2\/yst_prominent_words?post=1705"}],"curies":[{"name":"wp","href":"https:\/\/api.w.org\/{rel}","templated":true}]}}