{"id":1700,"date":"2019-05-14T13:41:34","date_gmt":"2019-05-14T13:41:34","guid":{"rendered":"http:\/\/ubena-spices.com\/?page_id=1700"},"modified":"2020-01-17T12:31:18","modified_gmt":"2020-01-17T12:31:18","slug":"pravne-napomene","status":"publish","type":"page","link":"https:\/\/ubena-spices.com\/hr\/pravne-napomene\/","title":{"rendered":"Pravne napomene"},"content":{"rendered":"<p>&nbsp;<\/p>\n<h2>IZJAVA O ODRICANJU OD ODGOVORNOSTI<\/h2>\n<p>Hvala Vam na zanimanju za tvrtku S.C. Fuchs Condimente RO S.R.L. (dalje u tekstu Fuchs Condimente RO odnosno Dru\u0161tvo), na\u0161e proizvode i internetsku stranicu (Stranica) \u010diji je vlasnik Fuchs Condimente RO.<\/p>\n<p>Prije nego \u0161to nastavite s pregledavanjem na\u0161e Stranice, pozivamo Vas da pro\u010ditate uvjete kori\u0161tenja iste (Uvjeti kori\u0161tenja), pravila koja se odnose na obradu osobnih podataka (Politika privatnosti) i ostale odredbe sadr\u017eane u Pravnim napomenama na Stranici (uklju\u010duju\u0107i odjeljak Prijava na Stranicu). Za sva pitanja mo\u017eete kontaktirati Fuchs Condimente RO na adresi navedenoj na Stranici u odjeljku Kontakti.<\/p>\n<p>&nbsp;<\/p>\n<h2>UVJETI KORI\u0160TENJA INTERNETSKE STRANICE<\/h2>\n<ol>\n<li>Op\u0107e informacije Ova internetska stranica (Stranica) u vlasni\u0161tvu je dru\u0161tva S.C. Fuchs Condimente RO SRL , sa sjedi\u0161tem u Rumunjskoj, adresa Nordului, broj 41-43, Curtea de Arge\u0219, po\u0161tanski broj 115300, porezni broj i broj upisa u Registar trgova\u010dkih dru\u0161tava J03\/189\/2001, jedinstveni registarski broj RO13807887, dru\u0161tvo koje podlije\u017ee upravljanju i koordinaciji dru\u0161tva DF World of Spices GmbH.<\/li>\n<li>Kori\u0161tenje stranice i prihva\u0107anje uvjeta kori\u0161tenja Pristup i kori\u0161tenje Stranice podrazumijeva da je svaki posjetitelj ili korisnik (Korisnik) upoznat s ovim Uvjetima kori\u0161tenja i da ih prihva\u0107a. Pristupanjem i kori\u0161tenjem Stranice Korisnik potvr\u0111uje da je u cijelosti upoznat s ovim Uvjetima kori\u0161tenja i da ih prihva\u0107a.<\/li>\n<li>Pristup Pristup Stranici dopu\u0161ten je punoljetnim Korisnicima i maloljetnim osobama, pod uvjetom da ju pregledavaju i koriste zajedno s roditeljima, skrbnicima ili odraslim Korisnicima koji u potpunosti razumiju njezin sadr\u017eaj i mogu ga sigurno koristiti. Pristup Stranici i njezino kori\u0161tenje nisu dopu\u0161teni ako su zabranjeni zakonima koji su na snazi u zemlji u kojoj Korisnik ima prebivali\u0161te.<\/li>\n<li>Pristupanje rezerviranim podru\u010djima i pretplata na odre\u0111ene usluge Ondje gdje je to predvi\u0111eno, pristupanje rezerviranim podru\u010djima Stranice, pretplata na odre\u0111ene usluge (poput newslettera ili cirkulara) i sudjelovanje u nagradnim igrama bit \u0107e rezervirani za punoljetne Korisnike koji su se pretplatili na gorenavedena podru\u010dja ili na usluge, sukladno onome \u0161to je navedeno u odjeljku Registracija na Stranicu.<\/li>\n<li>Registracija na stranicu U slu\u010daju da Stranica predvidi mogu\u0107nost registracije na rezervirana podru\u010dja ili pretplatu na razli\u010dite usluge (poput newslettera), od Korisnika \u0107e se zatra\u017eiti da dostavi osobne podatke kojima ga se mo\u017ee identificirati, poput imena, adrese, e-po\u0161te, broja mobitela, datuma ro\u0111enja. U tom slu\u010daju Korisnik \u0107e biti obvezan pru\u017eiti, pod vlastitom odgovorno\u0161\u0107u, istinite i potpune informacije i podatke koji \u0107e biti obra\u0111eni i\/ili kori\u0161teni u skladu s politikom privatnosti objavljenom na Stranici i\/ili uvjetima pristupa predmetnoj usluzi.<\/li>\n<li>A\u017euriranje i izmjene Fuchs Condimente RO zadr\u017eava pravo a\u017euriranja i\/ili promjene, u bilo koje vrijeme i po vlastitom naho\u0111enju, sadr\u017eaja Stranice, Uvjeta kori\u0161tenja kao i uvjeta i odredbi predvi\u0111enih u drugim dijelovima Stranice. Prije svakog pristupa Stranici ili kori\u0161tenja iste Korisnik je du\u017ean upoznati se s Uvjetima kori\u0161tenja koji su primjenjivi u a\u017euriranoj verziji koja je na snazi na dan pristupa Stranici.<\/li>\n<li>Informacije o proizvodima Stranica sadr\u017ei isklju\u010divo ilustrativne i indikativne informacije o proizvodima, robi, uslugama ili markama koje sadr\u017ei te je dostupna Korisnicima za osobne svrhe i svrhe koje nisu profesionalne naravi. Stranica se a\u017eurira s najve\u0107om pa\u017enjom. Isklju\u010dena je svaka odgovornost Fuchs Condimente RO u slu\u010daju da informacije sadr\u017eane na Stranici nisu potpune ili sadr\u017ee pogre\u0161ke ili nepreciznosti.<\/li>\n<li>Proizvodi Fuchs Condimente RO ne jam\u010di za aktualnost, ispravnost, potpunost ili kvalitetu pru\u017eenih informacija u vezi s proizvodima ili uslugama ponu\u0111enima i\/ili opisanima na Stranici. Zahtjevi za naknadu materijalne ili nematerijalne \u0161tete bilo koje vrste koji proizlaze iz uporabe ili zlouporabe sadr\u017eaja bilo koje vrste prisutnog na Stranici ili neto\u010dnih i nepotpunih informacija izri\u010dito su isklju\u010deni, u onoj mjeri u kojoj ne bi bilo mogu\u0107e dokazati da je to po\u010dinila Fuchs Condimente RO s namjerom ili iz krajnje nepa\u017enje. To ni u kojem slu\u010daju ne dira u ono \u0161to je propisano odredbama va\u017ee\u0107ih zakona primjenjivih s obzirom na prirodu, kvalitetu i namjenu proizvoda prikazanih ili opisanih za bilo koju svrhu na Stranici i isklju\u010divo u informativne svrhe u koje su navedeni proizvodi prikazani.<\/li>\n<li>Isklju\u010denje odgovornosti za sadr\u017eaj Stranice Fuchs Condimente RO preporu\u010duje svim Korisnicima da se strogo pridr\u017eavaju svih mjera razboritosti, opreza, sigurnosti i zdravog razuma tijekom kuhanja, kori\u0161tenja, potro\u0161nje, kao i pohrane i zbrinjavanja prikazanih, opisanih ili reproduciranih proizvoda \u2013 slikom, crte\u017eom, fotografijom, videom \u2013 na Stranici. S obzirom na to Fuchs Condimente RO odbija \u2013 i stoga je od iste izri\u010dito izuzeta \u2013 bilo kakvu odgovornosti koja proizlazi iz pristupa, pregledavanja i kori\u0161tenja Stranice, kao i od kori\u0161tenja informacija i uputa koje se odnose na asortiman proizvoda i\/ili pripremu i pohranu namirnica objavljenih na Stranici. Recepti, kao i njihove slike, samo su ilustrativne prirode i informativnog karaktera, odnosno slu\u017ee samo da bi Korisnicima poslu\u017eili kao izvor inspiracije i prikazali jedan od mogu\u0107ih na\u010dina uporabe u njima spomenutih ili opisanih proizvoda.<\/li>\n<li>Upozorenja Fuchs Condimente RO preporu\u010duje svim Korisnicima da prije konzumacije pa\u017eljivo pro\u010ditaju informacije i upozorenja na naljepnicama ilustriranih, opisanih ili reproduciranih proizvoda \u2013 slikom, crte\u017eom, fotografijom, videom \u2013 na Stranici.<\/li>\n<li>Isklju\u010denje odgovornosti za rad Stranice Isklju\u010dena je odgovornost Fuchs Condimente RO za bilo kakvu \u0161tetu koja mo\u017ee nastati Korisniku zbog pristupa Stranici odnosno zbog nemogu\u0107nosti pristupa Stranici, kao i za bilo kakvu \u0161tetu koja mo\u017ee nastati zbog preuzimanja materijala prisutnog na Stranici, uklju\u010duju\u0107i bilo kakvu \u0161tetu na ra\u010dunalnoj opremi Korisnika uzrokovanu virusom.<\/li>\n<li>Ograni\u010denja za slu\u010dajeve isklju\u010denja odgovornosti Isklju\u010denje odgovornosti Fuchs Condimente RO u smislu ovih Uvjeta kori\u0161tenja treba shvatiti u naj\u0161irem mogu\u0107em smislu, ali se ne primjenjuje u slu\u010dajevima u kojima je postupanje s namjerom ili krajnjom nepa\u017enjom mogu\u0107e pripisati Fuchs Condimente RO ili u slu\u010daju kr\u0161enja obveza koje proizlaze iz zakonskih propisa.<\/li>\n<li>Prava intelektualnog vlasni\u0161tva u vezi sa Stranicom i njezinim sadr\u017eajem Slike, tekstovi, crte\u017ei, grafi\u010dke reprodukcije, kao i zvukovi, glazbena djela, audiovizualni i\/ili multimedijski sadr\u017eaji prisutni na Stranici jesu ili mogu biti za\u0161ti\u0107eni autorskim pravom. Vlasni\u0161tvo nad spomenutim pravima intelektualnog vlasni\u0161tva pripada Fuchs Condimente RO i\/ili njihovim odgovaraju\u0107im vlasnicima. Za\u0161titni znakovi i logotipovi proizvoda, kao i reklamne poruke, slogani, nazivi domena i, op\u0107enitije, svi prepoznatljivi, verbalni i figurativni znakovi koje je Fuchs Condimente RO reproducirala na Stranici vlasni\u0161tvo su osoba koje nad njima imaju prava. Sadr\u017eaj ove Stranice \u2013 uklju\u010duju\u0107i grafi\u010dke prikaze, dizajn, slike, audiovizualne datoteke i tekstove \u2013 ne smije se reproducirati, umno\u017eavati, prenositi, objavljivati ili koristiti, u cijelosti ili djelomi\u010dno, na drugom mjestu i u bilo kojem obliku ili na bilo koji na\u010din, bez izri\u010ditog pisanog pristanka Fuchs Condimente RO i\/ili njihovih odgovaraju\u0107ih vlasnika.<\/li>\n<li>Zabrane Osim toga, s obzirom na gorenavedeno, svim je Korisnicima izri\u010dito zabranjeno mijenjati, kopirati, reproducirati, distribuirati, prenositi ili \u0161iriti pojedine sadr\u017eaje Stranice bilo kojim tehnolo\u0161kim sredstvom (uklju\u010duju\u0107i tekstove, recenzije, slike, fotografije, zvukove, glazbu i zvu\u010dne kompozicije, videozapise i multimedijske sadr\u017eaje) odnosno samu Stranicu u cijelosti, njezin profil, izgled, dizajn, konfiguraciju i organizaciju, bez izri\u010ditog pisanog odobrenja Fuchs Condimente RO i\/ili vlasnika prava intelektualnog vlasni\u0161tva nad gorenavedenim sadr\u017eajima. Korisnicima je tako\u0111er zabranjeno kopirati programe ili softver koji se koriste u svrhu rada Stranice odnosno stvarati programe i\/ili prona\u0107i i koristiti izvorni k\u00f4d gorenavedenih programa, kao i, op\u0107enito, kopirati, prenositi, dijeliti, modificirati, mijenjati i \u0161iriti kodove koji se nalaze na Stranici i njezinim hipertekstualnim vezama, ako su isti za\u0161ti\u0107eni autorskim pravom ili srodnim pravima. Fuchs Condimente RO \u2013 izravno, putem i\/ili u interesu tre\u0107ih strana \u2013 zadr\u017eava pravo da za\u0161titi, svim dopu\u0161tenim sredstvima, djela, slike, tekstove i sadr\u017eaj koji su op\u0107enito za\u0161ti\u0107eni autorskim pravom i\/ili drugim srodnim pravima intelektualnog vlasni\u0161tva.<\/li>\n<li>Sadr\u017eaj koji na Stranici objavljuju Korisnici. Stranica mo\u017ee, ako to smatra potrebnim, omogu\u0107iti Korisnicima da na Stranici objavljuju \u2013 odnosno da \u0161alju, u\u010ditavaju, prikazuju, komuniciraju, objavljuju i\/ili dijele u bilo kojem obliku na samoj Stranici ili na podstranicama, njezinim dijelovima ili \u010dak povezanim stranicama \u2013 poruke, mi\u0161ljenja, recenzije, recepte, fotografije, videozapise, zvu\u010dne zapise, zvukove, glazbu, tekstove, slogane i reklamne poruke, crte\u017ee, prijedloge, ideje, imena, glasove, informacije i druge sadr\u017eaje, \u010dak i kreativne prirode.<\/li>\n<li>Obveze Korisnika u odnosu na sadr\u017eaj koji je objavio Ako Korisnicima bude dopu\u0161teno objavljivanje sadr\u017eaja bilo koje vrste na Stranici, kao \u0161to je pobli\u017ee opisano gore, Korisnik ne smije objavljivati sadr\u017eaje koji su u vlasni\u0161tvu tre\u0107ih strana ili koji mogu u bilo kojem obliku i iz bilo kojeg razloga kr\u0161iti prava drugih (naprimjer, kr\u0161enje prava na sliku, prava na privatnost, prava na publicitet i\/ili iskori\u0161tavanje autorskog djela, autorskih prava i drugih prava intelektualnog vlasni\u0161tva ili ugovornih prava tre\u0107ih strana na kojima Korisnik nema pravo iskori\u0161tavanja na temelju valjane pravne osnove). Korisnik ne smije objavljivati na Stranici, na bilo koji na\u010din i u bilo kojem obliku, jedan ili vi\u0161e sadr\u017eaja (a) koji kr\u0161e privatnost drugih; (b) koji su nezakoniti ili poti\u010du na izvo\u0111enje opasnih, neodgovornih, nezakonitih radnji, kao i radnji koje naru\u0161avaju socijalni mir ili su protivne javnom poretku ili moralu; (c) koji su sramotni ili klevetni\u010dki, diskriminatorni, uvredljivi, vulgarni ili vrije\u0111aju vjerske osje\u0107aje; (d) za koje je mogu\u0107e dokazati da su diskriminatorni u odnosu na spolnu ili seksualnu orijentaciju, dob, invaliditet ili drugo; (e) koji \u010dine skriveno ogla\u0161avanje ili uklju\u010duju netra\u017eene i\/ili ne\u017eeljene informacije ili komercijalna priop\u0107enja; (f) koji na bilo koji na\u010din odra\u017eavaju nezakonito pona\u0161anje ili nelojalnu konkurenciju; (g) koji mogu prouzro\u010diti \u0161tetu Fuchs Condimente RO, Stranici ili ostalim Korisnicima Stranice.<\/li>\n<li>Virusi i spyware Korisnik tako\u0111er ne smije na Stranicu postaviti viruse, \u0161pijunski softver (spyware) ili druge \u0161tetne elemente ili komponente koji mogu, \u010dak i samo potencijalno, dovesti do pogor\u0161anja ili promjene u radu i kori\u0161tenju Stranice ili do njezina privremenog ili trajnog o\u0161te\u0107enja ili koji mogu prouzro\u010diti \u0161tetu Fuchs Condimente RO ili ostalim Korisnicima Stranice.<\/li>\n<li>Odgovornost Korisnika u odnosu na sadr\u017eaj objavljen na Stranici Korisnik preuzima svu odgovornost u vezi sa sadr\u017eajem koji sam objavi na Stranici (ili koji objavi bilo koja druga osoba koja koristi ure\u0111aje koje je mogu\u0107e povezati s Korisnikom) kako je detaljnije opisano u prethodnim stavcima. Slijedom gorenavedenog, obvezuju\u0107i se i za obe\u0107anje radnje tre\u0107e osobe sukladno \u010dlanku 1381. Gra\u0111anskog zakonika, Korisnik se obvezuje od\u0161tetiti i osloboditi vlasnika Stranice, Fuchs Condimente RO i\/ili svakog od njezinih zaposlenika, suradnika, partnera ili direktora od bilo kakve odgovornosti, kao i od imovinske ili neimovinske \u0161tete koja proizlazi iz nepo\u0161tivanja preuzetih obveza u skladu s prethodnim stavkom i\/ili zbog povrede prava drugih. Napose, Korisnik se obvezuje od\u0161tetiti (nadoknaditi \u0161tetu) i osloboditi odgovornosti Fuchs Condimente RO , kao i s njom povezane subjekte ili subjekte kojima ona upravlja, njezine predstavnike, zaposlenike i sve njezine partnere: (a) od bilo kojih obveza pla\u0107anja naknade \u0161tete, uklju\u010duju\u0107i razumne pravne tro\u0161kove, koje mogu proiza\u0107i iz prenesenih ili poslanih sadr\u017eaja, kori\u0161tenja usluga od strane Korisnika, povezivanja na usluge od strane Korisnika, kr\u0161enja odredbi koje reguliraju uporabu usluga, kr\u0161enja prava tre\u0107ih; (b) od bilo kakve odgovornosti koja mo\u017ee proiza\u0107i iz objavljivanja, od strane Korisnika, bilo kojeg sadr\u017eaja koji mo\u017ee sadr\u017eavati \u010dinjeni\u010dne tvrdnje koje mogu \u0161tetiti ne\u010dijoj \u010dasti ili ugledu (te\u0161ko sramo\u0107enje), \u010dinjeni\u010dne tvrdnje koje mogu \u0161tetiti ne\u010dijoj \u010dasti ili ugledu a za koje zna da su neistinite (klevetni\u010dke\/pogrdne tvrdnje), propuste, neistinitosti, vulgarne radnje, pornografske radnje, kao i radnje koje su opasne ili kojima se kr\u0161e prava drugih.<\/li>\n<li>Odbijanje objave Ne dovode\u0107i u pitanje gorenavedeno, Fuchs Condimente RO zadr\u017eava pravo odbiti objavljivanje bilo kojeg sadr\u017eaja koji predlo\u017ei Korisnik, i to prema vlastitom naho\u0111enju i bez obveze da to prethodno najavi ili obrazlo\u017ei.<\/li>\n<li>Sadr\u017eaj koji na Stranicii objavljuju Korisnici. Pristanak Korisnika i prava Fuchs Condimente RO Korisnik odobrava Fuchs Condimente RO neisklju\u010divu, neopozivu, univerzalnu, besplatnu (bez posebnih povlastica) prenosivu licencu s pravom na podlicenciranje za uporabu sadr\u017eaja koji je Korisnik u\u010ditao na Stranicu, u bilo koju svrhu dopu\u0161tenu zakonom, u kontinuitetu, bez vremenskog ili teritorijalnog ograni\u010denja i besplatnog karaktera. Licencu treba shvatiti u naj\u0161irem mogu\u0107em smislu i uklju\u010duje, izme\u0111u ostalog, pravo na objavljivanje, dijeljenje (\u010dak i preko dru\u0161tvenih mre\u017ea), distribuciju, podlicenciranje, brisanje, reprodukciju, kopiranje, izmjenu, prilagodbu (tako\u0111er stvaranjem izvedenih djela), kombiniranje, sinkroniziranje, prikazivanje, \u0161irenje i javno izvr\u0161avanje, bez vremenskih ili teritorijalnih ograni\u010denja, sadr\u017eaja ili dijela sadr\u017eaja koji je u\u010ditao Korisnik. U mjeri u kojoj je to potrebno, Korisnik daje Fuchs Condimente RO suglasnost koja \u0107e mo\u017eda biti potrebna i koju je mogu\u0107e zatra\u017eiti sukladno bilo kojoj i svim odredbama koje su na snazi i primjenjive u podru\u010dju autorskih prava, i to u pogledu svih svrha i primjena sadr\u017eaja, uklju\u010duju\u0107i gospodarskih i komercijalnih, koji je objavio Korisnik, a kojim Fuchs Condimente RO odlu\u010di raspolagati. Ono \u0161to je ovdje navedeno treba shvatiti bez ikakvih ograni\u010denja ili isklju\u010denja u odnosu na Fuchs Condimente RO .<\/li>\n<li>Poveznice na druge stranice Mogu\u0107e je da se, u sklopu njezina pregledavanja i kori\u0161tenja, dopusti veza izme\u0111u Stranice i drugih internetskih stranica kojima ne upravlja Fuchs Condimente RO ili kojima se ne upravlja u njezinom interesu (Internetske stranice tre\u0107ih strana). U tom \u0107e se slu\u010daju primjenjivati sljede\u0107e odredbe.<\/li>\n<li>Isklju\u010denje odgovornosti Fuchs Condimente RO u odnosu na internetske stranice tre\u0107ih strana Fuchs Condimente RO nema kontrolu nad Internetskim stranicama tre\u0107ih strana i ne preuzima nikakvu odgovornost u vezi s njihovim radom i\/ili u odnosu na njihove sadr\u017eaje, \u010dak i ako im je mogu\u0107e izravno ili neizravno pristupiti, putem odgovaraju\u0107ih poveznica (linkova) sa Stranice. Stoga se podrazumijeva da \u0107e upravitelji ili vlasnici Internetskih stranica tre\u0107ih strana, gdje to bude potrebno i u svojstvu neovisnih voditelja obrade, biti odgovorni za bilo koji nedopu\u0161ten, neto\u010dan ili nepotpun sadr\u017eaj, a osobito za \u0161tetu koja mo\u017ee proiza\u0107i iz uporabe takvih sadr\u017eaja i\/ili iz pregledavanja gorespomenutih Internetskih stranica tre\u0107ih strana, stoga Fuchs Condimente RO ne snosi nikakvu odgovornost, odgovornost za \u0161tetu ili tro\u0161kove koji bi mogli nastati uslijed navedenog.<br \/>\nStoga preporu\u010dujemo da pa\u017eljivo pro\u010ditate odgovaraju\u0107e politike privatnosti i uvjete kori\u0161tenja tih internetskih stranica tre\u0107ih strana prije nego \u0161to date pristanak ili suglasnost za obradu svojih osobnih podataka.<\/li>\n<li>Za\u0161titna klauzula U slu\u010daju da jedan ili vi\u0161e \u010dlanaka, dijelova ili odredbi ovih Uvjeta kori\u0161tenja nisu u skladu s odredbama va\u017ee\u0107ih i obvezno primjenjivih zakona, sadr\u017eaj ostalih dijelova ovog dokumenta ostaje nepromijenjen, a da to ne utje\u010de na njihovu valjanost.<\/li>\n<li>Primjenjivo pravo Odredbe i uvjeti kori\u0161tenja Stranice ure\u0111eni su, i treba ih smatrati ure\u0111enim, talijanskim va\u017ee\u0107im i primjenjivim zakonima.<\/li>\n<\/ol>\n","protected":false},"excerpt":{"rendered":"<p>&nbsp; IZJAVA O ODRICANJU OD ODGOVORNOSTI Hvala Vam na zanimanju za tvrtku S.C. Fuchs Condimente RO S.R.L. (dalje u tekstu Fuchs Condimente RO odnosno Dru\u0161tvo), na\u0161e proizvode i internetsku stranicu (Stranica) \u010diji je vlasnik Fuchs Condimente RO. Prije nego \u0161to nastavite s pregledavanjem na\u0161e Stranice, pozivamo Vas da pro\u010ditate uvjete kori\u0161tenja iste (Uvjeti kori\u0161tenja), pravila [&hellip;]<\/p>\n","protected":false},"author":1,"featured_media":0,"parent":0,"menu_order":0,"comment_status":"closed","ping_status":"closed","template":"","meta":{"footnotes":""},"yst_prominent_words":[161,167,151,166,150,149,153,158,156,159,162,164,152,157,163,168,165,154,155,160],"_links":{"self":[{"href":"https:\/\/ubena-spices.com\/hr\/wp-json\/wp\/v2\/pages\/1700"}],"collection":[{"href":"https:\/\/ubena-spices.com\/hr\/wp-json\/wp\/v2\/pages"}],"about":[{"href":"https:\/\/ubena-spices.com\/hr\/wp-json\/wp\/v2\/types\/page"}],"author":[{"embeddable":true,"href":"https:\/\/ubena-spices.com\/hr\/wp-json\/wp\/v2\/users\/1"}],"replies":[{"embeddable":true,"href":"https:\/\/ubena-spices.com\/hr\/wp-json\/wp\/v2\/comments?post=1700"}],"version-history":[{"count":7,"href":"https:\/\/ubena-spices.com\/hr\/wp-json\/wp\/v2\/pages\/1700\/revisions"}],"predecessor-version":[{"id":4583,"href":"https:\/\/ubena-spices.com\/hr\/wp-json\/wp\/v2\/pages\/1700\/revisions\/4583"}],"wp:attachment":[{"href":"https:\/\/ubena-spices.com\/hr\/wp-json\/wp\/v2\/media?parent=1700"}],"wp:term":[{"taxonomy":"yst_prominent_words","embeddable":true,"href":"https:\/\/ubena-spices.com\/hr\/wp-json\/wp\/v2\/yst_prominent_words?post=1700"}],"curies":[{"name":"wp","href":"https:\/\/api.w.org\/{rel}","templated":true}]}}