{"id":1358,"date":"2019-05-13T08:03:32","date_gmt":"2019-05-13T08:03:32","guid":{"rendered":"http:\/\/ubena-spices.com\/?page_id=1358"},"modified":"2019-09-24T16:09:05","modified_gmt":"2019-09-24T16:09:05","slug":"proizvodi","status":"publish","type":"page","link":"https:\/\/ubena-spices.com\/hr\/proizvodi\/","title":{"rendered":"Proizvodi"},"content":{"rendered":"<p>Pa\u017eljivo odabrane sirovine \u00a0pakiraju se u \u00a0bri\u017eljivo \u00a0osmi\u0161ljen dizajn \u00a0kako bi se o\u010duvala svje\u017eina i dugotrajnost proizvoda te arome i posebnosti svakog za\u010dina<\/p>\n","protected":false},"excerpt":{"rendered":"<p>Pa\u017eljivo odabrane sirovine \u00a0pakiraju se u \u00a0bri\u017eljivo \u00a0osmi\u0161ljen dizajn \u00a0kako bi se o\u010duvala svje\u017eina i dugotrajnost proizvoda te arome i posebnosti svakog za\u010dina<\/p>\n","protected":false},"author":1,"featured_media":0,"parent":0,"menu_order":0,"comment_status":"closed","ping_status":"closed","template":"templates\/products.php","meta":{"footnotes":""},"yst_prominent_words":[148],"_links":{"self":[{"href":"https:\/\/ubena-spices.com\/hr\/wp-json\/wp\/v2\/pages\/1358"}],"collection":[{"href":"https:\/\/ubena-spices.com\/hr\/wp-json\/wp\/v2\/pages"}],"about":[{"href":"https:\/\/ubena-spices.com\/hr\/wp-json\/wp\/v2\/types\/page"}],"author":[{"embeddable":true,"href":"https:\/\/ubena-spices.com\/hr\/wp-json\/wp\/v2\/users\/1"}],"replies":[{"embeddable":true,"href":"https:\/\/ubena-spices.com\/hr\/wp-json\/wp\/v2\/comments?post=1358"}],"version-history":[{"count":8,"href":"https:\/\/ubena-spices.com\/hr\/wp-json\/wp\/v2\/pages\/1358\/revisions"}],"predecessor-version":[{"id":4056,"href":"https:\/\/ubena-spices.com\/hr\/wp-json\/wp\/v2\/pages\/1358\/revisions\/4056"}],"wp:attachment":[{"href":"https:\/\/ubena-spices.com\/hr\/wp-json\/wp\/v2\/media?parent=1358"}],"wp:term":[{"taxonomy":"yst_prominent_words","embeddable":true,"href":"https:\/\/ubena-spices.com\/hr\/wp-json\/wp\/v2\/yst_prominent_words?post=1358"}],"curies":[{"name":"wp","href":"https:\/\/api.w.org\/{rel}","templated":true}]}}